{"id":697,"date":"2023-03-18T07:10:54","date_gmt":"2023-03-18T07:10:54","guid":{"rendered":"https:\/\/cozystay.loftocean.com\/island-resort\/?page_id=697"},"modified":"2025-01-11T15:33:25","modified_gmt":"2025-01-11T20:33:25","slug":"contact","status":"publish","type":"page","link":"https:\/\/www.hummingbirdcabarete.com\/en\/contact\/","title":{"rendered":"Contact"},"content":{"rendered":"\t\t<div data-elementor-type=\"wp-page\" data-elementor-id=\"697\" class=\"elementor elementor-697\">\n\t\t\t\t\t\t<section class=\"elementor-section elementor-top-section elementor-element elementor-element-ca1656d elementor-section-height-min-height cs-section-content-fullwidth cs-parallax-on-scroll cs_scroll_y_100 elementor-section-boxed elementor-section-height-default elementor-section-items-middle\" data-id=\"ca1656d\" data-element_type=\"section\" data-e-type=\"section\" data-settings=\"{&quot;background_background&quot;:&quot;classic&quot;}\" data-cs-parallax-y=\"100\" style=\"background-image: none;\" data-cs-background-image=\"https:\/\/cozystay.loftocean.com\/island-resort\/wp-content\/uploads\/sites\/3\/2023\/03\/img-74-3.jpg\">\n\t\t\t\t\t\t\t<div class=\"elementor-background-overlay\"><\/div>\n\t\t\t\t\t\t\t<div class=\"elementor-container elementor-column-gap-no\">\n\t\t\t\t\t<div class=\"elementor-column elementor-col-100 elementor-top-column elementor-element elementor-element-6b2c1df dark-color\" data-id=\"6b2c1df\" data-element_type=\"column\" data-e-type=\"column\">\n\t\t\t<div class=\"elementor-widget-wrap elementor-element-populated\">\n\t\t\t\t\t\t<div class=\"elementor-element elementor-element-ed3f97e elementor-widget elementor-widget-cs_title\" data-id=\"ed3f97e\" data-element_type=\"widget\" data-e-type=\"widget\" data-widget_type=\"cs_title.default\">\n\t\t\t\t<div class=\"elementor-widget-container\">\n\t\t\t\t\t\n        <div class=\"cs-title-wrap text-center\">\t            <h1 class=\"cs-title\">\n\t                Nous contacter\t            <\/h1>        <\/div>\t\t\t\t<\/div>\n\t\t\t\t<\/div>\n\t\t\t\t\t<\/div>\n\t\t<\/div>\n\t\t\t\t\t<\/div>\n\t\t<\/section>\n\t\t\t\t<section class=\"elementor-section elementor-top-section elementor-element elementor-element-ac9ba41 elementor-section-full_width elementor-section-content-middle elementor-section-height-default elementor-section-height-default\" data-id=\"ac9ba41\" data-element_type=\"section\" data-e-type=\"section\">\n\t\t\t\t\t\t<div class=\"elementor-container elementor-column-gap-no\">\n\t\t\t\t\t<div class=\"elementor-column elementor-col-50 elementor-top-column elementor-element elementor-element-a9f3bc2\" data-id=\"a9f3bc2\" data-element_type=\"column\" data-e-type=\"column\">\n\t\t\t<div class=\"elementor-widget-wrap elementor-element-populated\">\n\t\t\t\t\t\t<div class=\"elementor-element elementor-element-d6a0979 elementor-widget elementor-widget-cs_title\" data-id=\"d6a0979\" data-element_type=\"widget\" data-e-type=\"widget\" data-widget_type=\"cs_title.default\">\n\t\t\t\t<div class=\"elementor-widget-container\">\n\t\t\t\t\t\n        <div class=\"cs-title-wrap\">\t            <div class=\"cs-subtitle-wrap\"><span class=\"cs-subtitle\">Information de contact<\/span><\/div>\t            <h5 class=\"cs-title\">\n\t                Hummingbird Cabarete\t            <\/h5>\t            <div class=\"cs-title-text\">\n\t                <p><a href=\"https:\/\/www.google.com\/maps\/place\/19%C2%B044'56.8%22N+70%C2%B024'56.0%22W\/@19.7492653,-70.4158895,64m\/data=!3m1!1e3!4m4!3m3!8m2!3d19.7491111!4d-70.4155556?entry=ttu\" target=\"_blank\" rel=\"noopener\"><span class=\"VIpgJd-yAWNEb-VIpgJd-fmcmS-sn54Q\">Callej\u00f3n de la Loma, Cabarete, Sos\u00faa, R\u00e9publique Dominicaine<\/span><\/a><\/p><p><strong>T\u00e9l\u00e9phone:<\/strong> <a href=\"tel:+1 849-507-9729\"><span class=\"VIpgJd-yAWNEb-VIpgJd-fmcmS-sn54Q\">+1 829-901-2637<\/span><\/a><br \/><strong>Email:<\/strong> <a href=\"mailto:info@hummingbirdcabarete.com\">info@hummingbirdcabarete.com<\/a><\/p>\t            <\/div>        <\/div>\t\t\t\t<\/div>\n\t\t\t\t<\/div>\n\t\t\t\t<div class=\"elementor-element elementor-element-27ae3a6 elementor-widget-divider--view-line elementor-widget elementor-widget-divider\" data-id=\"27ae3a6\" data-element_type=\"widget\" data-e-type=\"widget\" data-widget_type=\"divider.default\">\n\t\t\t\t<div class=\"elementor-widget-container\">\n\t\t\t\t\t\t\t<div class=\"elementor-divider\">\n\t\t\t<span class=\"elementor-divider-separator\">\n\t\t\t\t\t\t<\/span>\n\t\t<\/div>\n\t\t\t\t\t\t<\/div>\n\t\t\t\t<\/div>\n\t\t\t\t<section class=\"elementor-section elementor-inner-section elementor-element elementor-element-06aaef6 elementor-section-boxed elementor-section-height-default elementor-section-height-default\" data-id=\"06aaef6\" data-element_type=\"section\" data-e-type=\"section\">\n\t\t\t\t\t\t<div class=\"elementor-container elementor-column-gap-no\">\n\t\t\t\t\t<div class=\"elementor-column elementor-col-100 elementor-inner-column elementor-element elementor-element-2c337b6\" data-id=\"2c337b6\" data-element_type=\"column\" data-e-type=\"column\">\n\t\t\t<div class=\"elementor-widget-wrap elementor-element-populated\">\n\t\t\t\t\t\t<div class=\"elementor-element elementor-element-d14f3c0 elementor-widget elementor-widget-text-editor\" data-id=\"d14f3c0\" data-element_type=\"widget\" data-e-type=\"widget\" data-widget_type=\"text-editor.default\">\n\t\t\t\t<div class=\"elementor-widget-container\">\n\t\t\t\t\t\t\t\t\t<iframe src=\"https:\/\/www.google.com\/maps\/embed?pb=!1m18!1m12!1m3!1d3295.5252025579393!2d-70.41916433725844!3d19.749268976395403!2m3!1f0!2f0!3f0!3m2!1i1024!2i768!4f13.1!3m3!1m2!1s0x8eae1d7720d65221%3A0x124f7e4368fb3387!2sEl%20Callejon%20De%20La%20Loma%2C%2057000%20Cabarete%2C%20Dominican%20Republic!5e1!3m2!1sen!2sca!4v1732479587227!5m2!1sen!2sca\" width=\"800\" height=\"600\" style=\"border:0;\" allowfullscreen=\"\" loading=\"lazy\" referrerpolicy=\"no-referrer-when-downgrade\"><\/iframe>\t\t\t\t\t\t\t\t<\/div>\n\t\t\t\t<\/div>\n\t\t\t\t\t<\/div>\n\t\t<\/div>\n\t\t\t\t\t<\/div>\n\t\t<\/section>\n\t\t\t\t\t<\/div>\n\t\t<\/div>\n\t\t\t\t<div class=\"elementor-column elementor-col-50 elementor-top-column elementor-element elementor-element-a630739\" data-id=\"a630739\" data-element_type=\"column\" data-e-type=\"column\" data-settings=\"{&quot;background_background&quot;:&quot;classic&quot;}\">\n\t\t\t<div class=\"elementor-widget-wrap elementor-element-populated\">\n\t\t\t\t\t\t<section class=\"elementor-section elementor-inner-section elementor-element elementor-element-1165b93 elementor-section-boxed elementor-section-height-default elementor-section-height-default\" data-id=\"1165b93\" data-element_type=\"section\" data-e-type=\"section\" data-settings=\"{&quot;background_background&quot;:&quot;classic&quot;}\">\n\t\t\t\t\t\t<div class=\"elementor-container elementor-column-gap-no\">\n\t\t\t\t\t<div class=\"elementor-column elementor-col-100 elementor-inner-column elementor-element elementor-element-c8421f3\" data-id=\"c8421f3\" data-element_type=\"column\" data-e-type=\"column\">\n\t\t\t<div class=\"elementor-widget-wrap elementor-element-populated\">\n\t\t\t\t\t\t<div class=\"elementor-element elementor-element-ee636a2 elementor-widget elementor-widget-cs_title\" data-id=\"ee636a2\" data-element_type=\"widget\" data-e-type=\"widget\" data-widget_type=\"cs_title.default\">\n\t\t\t\t<div class=\"elementor-widget-container\">\n\t\t\t\t\t\n        <div class=\"cs-title-wrap text-center\">\t            <div class=\"cs-subtitle-wrap\"><span class=\"cs-subtitle\">Formulaire de contact<\/span><\/div>\t            <h5 class=\"cs-title\">\n\t                \u00c9crivez-nous\t            <\/h5>        <\/div>\t\t\t\t<\/div>\n\t\t\t\t<\/div>\n\t\t\t\t<div class=\"elementor-element elementor-element-dfa1d8f elementor-widget elementor-widget-wpforms\" data-id=\"dfa1d8f\" data-element_type=\"widget\" data-e-type=\"widget\" data-widget_type=\"wpforms.default\">\n\t\t\t\t<div class=\"elementor-widget-container\">\n\t\t\t\t\t<div class=\"wpforms-container wpforms-container-full\" id=\"wpforms-2374\"><form id=\"wpforms-form-2374\" class=\"wpforms-validate wpforms-form wpforms-ajax-form\" data-formid=\"2374\" method=\"post\" enctype=\"multipart\/form-data\" action=\"\/en\/wp-json\/wp\/v2\/pages\/697\" data-token=\"b639d0d7053457b6fa812ae3819f1238\"><noscript class=\"wpforms-error-noscript\">Please enable JavaScript in your browser to complete this form.<\/noscript><div class=\"wpforms-field-container\"><div id=\"wpforms-2374-field_1-container\" class=\"wpforms-field wpforms-field-text\" data-field-id=\"1\"><label class=\"wpforms-field-label\" for=\"wpforms-2374-field_1\">Votre pr\u00e9nom et nom de famille<\/label><input type=\"text\" id=\"wpforms-2374-field_1\" class=\"wpforms-field-large\" name=\"wpforms[fields][1]\" ><\/div><div id=\"wpforms-2374-field_2-container\" class=\"wpforms-field wpforms-field-email\" data-field-id=\"2\"><label class=\"wpforms-field-label\" for=\"wpforms-2374-field_2\">Email <span class=\"wpforms-required-label\">*<\/span><\/label><input type=\"email\" id=\"wpforms-2374-field_2\" class=\"wpforms-field-large wpforms-field-required\" name=\"wpforms[fields][2]\" required><\/div><div id=\"wpforms-2374-field_3-container\" class=\"wpforms-field wpforms-field-phone\" data-field-id=\"3\"><label class=\"wpforms-field-label\" for=\"wpforms-2374-field_3\">T\u00e9l\u00e9phone<\/label><input type=\"tel\" id=\"wpforms-2374-field_3\" class=\"wpforms-field-large wpforms-masked-input\" data-inputmask=\"&#039;mask&#039;: &#039;(999) 999-9999&#039;\" data-rule-us-phone-field=\"true\" data-inputmask-inputmode=\"tel\" name=\"wpforms[fields][3]\" ><\/div><div id=\"wpforms-2374-field_4-container\" class=\"wpforms-field wpforms-field-textarea\" data-field-id=\"4\"><label class=\"wpforms-field-label\" for=\"wpforms-2374-field_4\">Votre message<\/label><textarea id=\"wpforms-2374-field_4\" class=\"wpforms-field-large\" name=\"wpforms[fields][4]\" ><\/textarea><\/div><\/div><div class=\"wpforms-submit-container\"><input type=\"hidden\" name=\"wpforms[id]\" value=\"2374\"><input type=\"hidden\" name=\"wpforms[author]\" value=\"1\"><button type=\"submit\" name=\"wpforms[submit]\" id=\"wpforms-submit-2374\" class=\"wpforms-submit\" data-alt-text=\"En cours d&#039;envoi...\" data-submit-text=\"Envoyer\" aria-live=\"assertive\" value=\"wpforms-submit\">Envoyer<\/button><img decoding=\"async\" src=\"https:\/\/www.hummingbirdcabarete.com\/wp-content\/plugins\/wpforms\/assets\/images\/submit-spin.svg\" class=\"wpforms-submit-spinner\" style=\"display: none;\" width=\"26\" height=\"26\" alt=\"\"><\/div><\/form><\/div>  <!-- .wpforms-container -->\t\t\t\t<\/div>\n\t\t\t\t<\/div>\n\t\t\t\t\t<\/div>\n\t\t<\/div>\n\t\t\t\t\t<\/div>\n\t\t<\/section>\n\t\t\t\t\t<\/div>\n\t\t<\/div>\n\t\t\t\t\t<\/div>\n\t\t<\/section>\n\t\t\t\t<\/div>\n\t\t","protected":false},"excerpt":{"rendered":"<p>Nous contacter Information de contact Hummingbird Cabarete Callej\u00f3n de la Loma, Cabarete, Sos\u00faa, R\u00e9publique Dominicaine T\u00e9l\u00e9phone: +1 829-901-2637Email: info@hummingbirdcabarete.com Formulaire de contact \u00c9crivez-nous<\/p>","protected":false},"author":1,"featured_media":0,"parent":0,"menu_order":0,"comment_status":"closed","ping_status":"closed","template":"template-wide-content.php","meta":{"cozystay_single_page_hide_site_header":"","cozystay_single_page_site_header_source":"","cozystay_single_page_custom_site_header":"0","cozystay_single_page_custom_sticky_site_header":"0","cozystay_single_page_hide_page_title":"on","cozystay_single_page_header_section_size":"","cozystay_single_page_header_background_color":"","cozystay_single_page_header_background_position_x":"center","cozystay_single_page_header_background_position_y":"center","cozystay_single_page_header_background_size":"cover","cozystay_single_page_header_background_repeat":"off","cozystay_single_page_header_background_scroll":"on","cozystay_single_page_header_text_color":"","cozystay_single_page_header_show_breadcrumb":"","cozystay_single_page_site_footer_hide_main":"","cozystay_single_custom_site_footer_main_source":"","cozystay_single_custom_site_footer_main":"0","cozystay_single_page_site_footer_hide_above":"","cozystay_single_custom_site_footer_above_source":"","cozystay_single_custom_site_footer_above":"0","cozystay_single_page_site_footer_hide_instagram":"","cozystay_single_page_site_footer_hide_bottom":"","cozystay_single_custom_mobile_menu_source":"","cozystay_single_custom_mobile_menu":"0","cozystay_single_custom_mobile_menu_animation":"","cozystay_single_custom_mobile_menu_width":"","cozystay_single_custom_mobile_menu_custom_width":375,"footnotes":""},"class_list":["post-697","page","type-page","status-publish","hentry"],"yoast_head":"<!-- This site is optimized with the Yoast SEO plugin v27.3 - https:\/\/yoast.com\/product\/yoast-seo-wordpress\/ -->\n<title>Contact - H\u00f4tel Hummingbird Cabarete<\/title>\n<meta name=\"robots\" content=\"index, follow, max-snippet:-1, max-image-preview:large, max-video-preview:-1\" \/>\n<link rel=\"canonical\" href=\"https:\/\/www.hummingbirdcabarete.com\/en\/contact\/\" \/>\n<meta property=\"og:locale\" content=\"en_US\" \/>\n<meta property=\"og:type\" content=\"article\" \/>\n<meta property=\"og:title\" content=\"Contact - H\u00f4tel Hummingbird Cabarete\" \/>\n<meta property=\"og:description\" content=\"Nous contacter Information de contact Hummingbird Cabarete Callej\u00f3n de la Loma, Cabarete, Sos\u00faa, R\u00e9publique Dominicaine T\u00e9l\u00e9phone: +1 829-901-2637Email: info@hummingbirdcabarete.com Formulaire de contact \u00c9crivez-nous\" \/>\n<meta property=\"og:url\" content=\"https:\/\/www.hummingbirdcabarete.com\/en\/contact\/\" \/>\n<meta property=\"og:site_name\" content=\"H\u00f4tel Hummingbird Cabarete\" \/>\n<meta property=\"article:modified_time\" content=\"2025-01-11T20:33:25+00:00\" \/>\n<meta name=\"twitter:card\" content=\"summary_large_image\" \/>\n<meta name=\"twitter:label1\" content=\"Est. reading time\" \/>\n\t<meta name=\"twitter:data1\" content=\"1 minute\" \/>\n<script type=\"application\/ld+json\" class=\"yoast-schema-graph\">{\"@context\":\"https:\\\/\\\/schema.org\",\"@graph\":[{\"@type\":\"WebPage\",\"@id\":\"https:\\\/\\\/www.hummingbirdcabarete.com\\\/contact\\\/\",\"url\":\"https:\\\/\\\/www.hummingbirdcabarete.com\\\/contact\\\/\",\"name\":\"Contact - H\u00f4tel Hummingbird Cabarete\",\"isPartOf\":{\"@id\":\"https:\\\/\\\/www.hummingbirdcabarete.com\\\/#website\"},\"datePublished\":\"2023-03-18T07:10:54+00:00\",\"dateModified\":\"2025-01-11T20:33:25+00:00\",\"breadcrumb\":{\"@id\":\"https:\\\/\\\/www.hummingbirdcabarete.com\\\/contact\\\/#breadcrumb\"},\"inLanguage\":\"en-US\",\"potentialAction\":[{\"@type\":\"ReadAction\",\"target\":[\"https:\\\/\\\/www.hummingbirdcabarete.com\\\/contact\\\/\"]}]},{\"@type\":\"BreadcrumbList\",\"@id\":\"https:\\\/\\\/www.hummingbirdcabarete.com\\\/contact\\\/#breadcrumb\",\"itemListElement\":[{\"@type\":\"ListItem\",\"position\":1,\"name\":\"Home\",\"item\":\"https:\\\/\\\/www.hummingbirdcabarete.com\\\/\"},{\"@type\":\"ListItem\",\"position\":2,\"name\":\"Contact\"}]},{\"@type\":\"WebSite\",\"@id\":\"https:\\\/\\\/www.hummingbirdcabarete.com\\\/#website\",\"url\":\"https:\\\/\\\/www.hummingbirdcabarete.com\\\/\",\"name\":\"H\u00f4tel Hummingbird Cabarete\",\"description\":\"\",\"publisher\":{\"@id\":\"https:\\\/\\\/www.hummingbirdcabarete.com\\\/#organization\"},\"potentialAction\":[{\"@type\":\"SearchAction\",\"target\":{\"@type\":\"EntryPoint\",\"urlTemplate\":\"https:\\\/\\\/www.hummingbirdcabarete.com\\\/?s={search_term_string}\"},\"query-input\":{\"@type\":\"PropertyValueSpecification\",\"valueRequired\":true,\"valueName\":\"search_term_string\"}}],\"inLanguage\":\"en-US\"},{\"@type\":\"Organization\",\"@id\":\"https:\\\/\\\/www.hummingbirdcabarete.com\\\/#organization\",\"name\":\"H\u00f4tel Hummingbird Cabarete\",\"url\":\"https:\\\/\\\/www.hummingbirdcabarete.com\\\/\",\"logo\":{\"@type\":\"ImageObject\",\"inLanguage\":\"en-US\",\"@id\":\"https:\\\/\\\/www.hummingbirdcabarete.com\\\/#\\\/schema\\\/logo\\\/image\\\/\",\"url\":\"https:\\\/\\\/www.hummingbirdcabarete.com\\\/wp-content\\\/uploads\\\/2024\\\/11\\\/cropped-main_logo-removebg-preview-e1699003132760.png\",\"contentUrl\":\"https:\\\/\\\/www.hummingbirdcabarete.com\\\/wp-content\\\/uploads\\\/2024\\\/11\\\/cropped-main_logo-removebg-preview-e1699003132760.png\",\"width\":505,\"height\":345,\"caption\":\"H\u00f4tel Hummingbird Cabarete\"},\"image\":{\"@id\":\"https:\\\/\\\/www.hummingbirdcabarete.com\\\/#\\\/schema\\\/logo\\\/image\\\/\"}}]}<\/script>\n<!-- \/ Yoast SEO plugin. -->","yoast_head_json":{"title":"Contact - H\u00f4tel Hummingbird Cabarete","robots":{"index":"index","follow":"follow","max-snippet":"max-snippet:-1","max-image-preview":"max-image-preview:large","max-video-preview":"max-video-preview:-1"},"canonical":"https:\/\/www.hummingbirdcabarete.com\/en\/contact\/","og_locale":"en_US","og_type":"article","og_title":"Contact - H\u00f4tel Hummingbird Cabarete","og_description":"Nous contacter Information de contact Hummingbird Cabarete Callej\u00f3n de la Loma, Cabarete, Sos\u00faa, R\u00e9publique Dominicaine T\u00e9l\u00e9phone: +1 829-901-2637Email: info@hummingbirdcabarete.com Formulaire de contact \u00c9crivez-nous","og_url":"https:\/\/www.hummingbirdcabarete.com\/en\/contact\/","og_site_name":"H\u00f4tel Hummingbird Cabarete","article_modified_time":"2025-01-11T20:33:25+00:00","twitter_card":"summary_large_image","twitter_misc":{"Est. reading time":"1 minute"},"schema":{"@context":"https:\/\/schema.org","@graph":[{"@type":"WebPage","@id":"https:\/\/www.hummingbirdcabarete.com\/contact\/","url":"https:\/\/www.hummingbirdcabarete.com\/contact\/","name":"Contact - H\u00f4tel Hummingbird Cabarete","isPartOf":{"@id":"https:\/\/www.hummingbirdcabarete.com\/#website"},"datePublished":"2023-03-18T07:10:54+00:00","dateModified":"2025-01-11T20:33:25+00:00","breadcrumb":{"@id":"https:\/\/www.hummingbirdcabarete.com\/contact\/#breadcrumb"},"inLanguage":"en-US","potentialAction":[{"@type":"ReadAction","target":["https:\/\/www.hummingbirdcabarete.com\/contact\/"]}]},{"@type":"BreadcrumbList","@id":"https:\/\/www.hummingbirdcabarete.com\/contact\/#breadcrumb","itemListElement":[{"@type":"ListItem","position":1,"name":"Home","item":"https:\/\/www.hummingbirdcabarete.com\/"},{"@type":"ListItem","position":2,"name":"Contact"}]},{"@type":"WebSite","@id":"https:\/\/www.hummingbirdcabarete.com\/#website","url":"https:\/\/www.hummingbirdcabarete.com\/","name":"H\u00f4tel Hummingbird Cabarete","description":"","publisher":{"@id":"https:\/\/www.hummingbirdcabarete.com\/#organization"},"potentialAction":[{"@type":"SearchAction","target":{"@type":"EntryPoint","urlTemplate":"https:\/\/www.hummingbirdcabarete.com\/?s={search_term_string}"},"query-input":{"@type":"PropertyValueSpecification","valueRequired":true,"valueName":"search_term_string"}}],"inLanguage":"en-US"},{"@type":"Organization","@id":"https:\/\/www.hummingbirdcabarete.com\/#organization","name":"H\u00f4tel Hummingbird Cabarete","url":"https:\/\/www.hummingbirdcabarete.com\/","logo":{"@type":"ImageObject","inLanguage":"en-US","@id":"https:\/\/www.hummingbirdcabarete.com\/#\/schema\/logo\/image\/","url":"https:\/\/www.hummingbirdcabarete.com\/wp-content\/uploads\/2024\/11\/cropped-main_logo-removebg-preview-e1699003132760.png","contentUrl":"https:\/\/www.hummingbirdcabarete.com\/wp-content\/uploads\/2024\/11\/cropped-main_logo-removebg-preview-e1699003132760.png","width":505,"height":345,"caption":"H\u00f4tel Hummingbird Cabarete"},"image":{"@id":"https:\/\/www.hummingbirdcabarete.com\/#\/schema\/logo\/image\/"}}]}},"_links":{"self":[{"href":"https:\/\/www.hummingbirdcabarete.com\/en\/wp-json\/wp\/v2\/pages\/697","targetHints":{"allow":["GET"]}}],"collection":[{"href":"https:\/\/www.hummingbirdcabarete.com\/en\/wp-json\/wp\/v2\/pages"}],"about":[{"href":"https:\/\/www.hummingbirdcabarete.com\/en\/wp-json\/wp\/v2\/types\/page"}],"author":[{"embeddable":true,"href":"https:\/\/www.hummingbirdcabarete.com\/en\/wp-json\/wp\/v2\/users\/1"}],"replies":[{"embeddable":true,"href":"https:\/\/www.hummingbirdcabarete.com\/en\/wp-json\/wp\/v2\/comments?post=697"}],"version-history":[{"count":15,"href":"https:\/\/www.hummingbirdcabarete.com\/en\/wp-json\/wp\/v2\/pages\/697\/revisions"}],"predecessor-version":[{"id":3030,"href":"https:\/\/www.hummingbirdcabarete.com\/en\/wp-json\/wp\/v2\/pages\/697\/revisions\/3030"}],"wp:attachment":[{"href":"https:\/\/www.hummingbirdcabarete.com\/en\/wp-json\/wp\/v2\/media?parent=697"}],"curies":[{"name":"wp","href":"https:\/\/api.w.org\/{rel}","templated":true}]}}