{"id":594,"date":"2023-03-17T07:55:12","date_gmt":"2023-03-17T07:55:12","guid":{"rendered":"https:\/\/cozystay.loftocean.com\/island-resort\/?page_id=594"},"modified":"2025-01-03T16:15:44","modified_gmt":"2025-01-03T21:15:44","slug":"a-propos","status":"publish","type":"page","link":"https:\/\/www.hummingbirdcabarete.com\/en\/a-propos\/","title":{"rendered":"About us"},"content":{"rendered":"<div data-elementor-type=\"wp-page\" data-elementor-id=\"594\" class=\"elementor elementor-594\">\n\t\t\t\t\t\t<section class=\"elementor-section elementor-top-section elementor-element elementor-element-223ffc92 elementor-section-height-min-height cs-section-content-fullwidth cs_scroll_y_100 cs-parallax-on-scroll elementor-section-boxed elementor-section-height-default elementor-section-items-middle\" data-id=\"223ffc92\" data-element_type=\"section\" data-e-type=\"section\" data-settings=\"{&quot;background_background&quot;:&quot;classic&quot;}\" data-cs-parallax-y=\"100\" style=\"background-image: none;\" data-cs-background-image=\"https:\/\/cozystay.loftocean.com\/island-resort\/wp-content\/uploads\/sites\/3\/2023\/05\/galen-crout-anPsLBVvZ_o-unsplash.jpg\" data-cs-background-image-alt-text=\"\">\n\t\t\t\t\t\t\t<div class=\"elementor-background-overlay\"><\/div>\n\t\t\t\t\t\t\t<div class=\"elementor-container elementor-column-gap-no\">\n\t\t\t\t\t<div class=\"elementor-column elementor-col-100 elementor-top-column elementor-element elementor-element-6755f0d2 dark-color\" data-id=\"6755f0d2\" data-element_type=\"column\" data-e-type=\"column\">\n\t\t\t<div class=\"elementor-widget-wrap elementor-element-populated\">\n\t\t\t\t\t\t<div class=\"elementor-element elementor-element-1efed886 elementor-widget elementor-widget-cs_title\" data-id=\"1efed886\" data-element_type=\"widget\" data-e-type=\"widget\" data-widget_type=\"cs_title.default\">\n\t\t\t\t<div class=\"elementor-widget-container\">\n\t\t\t\t\t\n        <div class=\"cs-title-wrap text-center\">\t            <h1 class=\"cs-title\">\n\t                About Hummingbird Cabarete\t            <\/h1>        <\/div>\t\t\t\t<\/div>\n\t\t\t\t<\/div>\n\t\t\t\t\t<\/div>\n\t\t<\/div>\n\t\t\t\t\t<\/div>\n\t\t<\/section>\n\t\t\t\t<section class=\"elementor-section elementor-top-section elementor-element elementor-element-c8d481b cs-section-content-fullwidth elementor-section-boxed elementor-section-height-default elementor-section-height-default\" data-id=\"c8d481b\" data-element_type=\"section\" data-e-type=\"section\" data-settings=\"{&quot;background_background&quot;:&quot;classic&quot;}\">\n\t\t\t\t\t\t<div class=\"elementor-container elementor-column-gap-no\">\n\t\t\t\t\t<div class=\"elementor-column elementor-col-100 elementor-top-column elementor-element elementor-element-d82de7b\" data-id=\"d82de7b\" data-element_type=\"column\" data-e-type=\"column\">\n\t\t\t<div class=\"elementor-widget-wrap elementor-element-populated\">\n\t\t\t\t\t\t<div class=\"elementor-element elementor-element-9f784c3 elementor-view-default elementor-widget elementor-widget-icon\" data-id=\"9f784c3\" data-element_type=\"widget\" data-e-type=\"widget\" data-widget_type=\"icon.default\">\n\t\t\t\t<div class=\"elementor-widget-container\">\n\t\t\t\t\t\t\t<div class=\"elementor-icon-wrapper\">\n\t\t\t<div class=\"elementor-icon\">\n\t\t\t<i aria-hidden=\"true\" class=\"flaticon flaticon-resort\"><\/i>\t\t\t<\/div>\n\t\t<\/div>\n\t\t\t\t\t\t<\/div>\n\t\t\t\t<\/div>\n\t\t\t\t<div class=\"elementor-element elementor-element-36d5ca3 elementor-widget elementor-widget-cs_title\" data-id=\"36d5ca3\" data-element_type=\"widget\" data-e-type=\"widget\" data-widget_type=\"cs_title.default\">\n\t\t\t\t<div class=\"elementor-widget-container\">\n\t\t\t\t\t\n        <div class=\"cs-title-wrap text-center\">\t            <div class=\"cs-subtitle-wrap\"><span class=\"cs-subtitle\">Welcome to Hummingbird Cabarete<\/span><\/div>\t            <div class=\"cs-title-text\">\n\t                <p><br \/>The Hummingbird Cabarete is the perfect place for groups of guests and individual travelers who like to stay on a budget while remaining economical, comfortable and central. With all the services you need. Located in the most colorful part of Cabarete and within walking distance to the beach.<br \/><br \/><br \/>Our studios and apartments can accommodate from 1 to 6 people. Groups can accommodate up to 30 people. And we offer special rates for long-term rentals in low season!<\/p>\t            <\/div>        <\/div>\t\t\t\t<\/div>\n\t\t\t\t<\/div>\n\t\t\t\t<div class=\"elementor-element elementor-element-17e61dd cs-animation-small-offset elementor-invisible elementor-widget elementor-widget-image\" data-id=\"17e61dd\" data-element_type=\"widget\" data-e-type=\"widget\" data-settings=\"{&quot;_animation&quot;:&quot;fadeInUp&quot;}\" data-widget_type=\"image.default\">\n\t\t\t\t<div class=\"elementor-widget-container\">\n\t\t\t\t\t\t\t\t\t\t\t\t\t\t\t<img fetchpriority=\"high\" decoding=\"async\" width=\"1440\" height=\"811\" src=\"https:\/\/www.hummingbirdcabarete.com\/wp-content\/uploads\/2024\/11\/galerie-01-1440x811.jpg\" class=\"attachment-cozystay_1440x9999 size-cozystay_1440x9999 wp-image-2335\" alt=\"\" srcset=\"https:\/\/www.hummingbirdcabarete.com\/wp-content\/uploads\/2024\/11\/galerie-01-1440x811.jpg 1440w, https:\/\/www.hummingbirdcabarete.com\/wp-content\/uploads\/2024\/11\/galerie-01-300x169.jpg 300w, https:\/\/www.hummingbirdcabarete.com\/wp-content\/uploads\/2024\/11\/galerie-01-1024x576.jpg 1024w, https:\/\/www.hummingbirdcabarete.com\/wp-content\/uploads\/2024\/11\/galerie-01-768x432.jpg 768w, https:\/\/www.hummingbirdcabarete.com\/wp-content\/uploads\/2024\/11\/galerie-01-1536x865.jpg 1536w, https:\/\/www.hummingbirdcabarete.com\/wp-content\/uploads\/2024\/11\/galerie-01-2048x1153.jpg 2048w, https:\/\/www.hummingbirdcabarete.com\/wp-content\/uploads\/2024\/11\/galerie-01-1920x1081.jpg 1920w, https:\/\/www.hummingbirdcabarete.com\/wp-content\/uploads\/2024\/11\/galerie-01-1200x675.jpg 1200w, https:\/\/www.hummingbirdcabarete.com\/wp-content\/uploads\/2024\/11\/galerie-01-780x439.jpg 780w, https:\/\/www.hummingbirdcabarete.com\/wp-content\/uploads\/2024\/11\/galerie-01-600x338.jpg 600w, https:\/\/www.hummingbirdcabarete.com\/wp-content\/uploads\/2024\/11\/galerie-01-550x310.jpg 550w, https:\/\/www.hummingbirdcabarete.com\/wp-content\/uploads\/2024\/11\/galerie-01-370x208.jpg 370w, https:\/\/www.hummingbirdcabarete.com\/wp-content\/uploads\/2024\/11\/galerie-01-255x144.jpg 255w, https:\/\/www.hummingbirdcabarete.com\/wp-content\/uploads\/2024\/11\/galerie-01-150x84.jpg 150w\" sizes=\"(max-width: 1440px) 100vw, 1440px\" \/>\t\t\t\t\t\t\t\t\t\t\t\t\t\t\t<\/div>\n\t\t\t\t<\/div>\n\t\t\t\t\t<\/div>\n\t\t<\/div>\n\t\t\t\t\t<\/div>\n\t\t<\/section>\n\t\t\t\t<section class=\"elementor-section elementor-top-section elementor-element elementor-element-3c6eae9 elementor-section-content-middle elementor-section-boxed elementor-section-height-default elementor-section-height-default\" data-id=\"3c6eae9\" data-element_type=\"section\" data-e-type=\"section\">\n\t\t\t\t\t\t<div class=\"elementor-container elementor-column-gap-no\">\n\t\t\t\t\t<div class=\"elementor-column elementor-col-50 elementor-top-column elementor-element elementor-element-90ce06c\" data-id=\"90ce06c\" data-element_type=\"column\" data-e-type=\"column\">\n\t\t\t<div class=\"elementor-widget-wrap elementor-element-populated\">\n\t\t\t\t\t\t<section class=\"elementor-section elementor-inner-section elementor-element elementor-element-b798790 elementor-section-content-middle elementor-section-boxed elementor-section-height-default elementor-section-height-default\" data-id=\"b798790\" data-element_type=\"section\" data-e-type=\"section\">\n\t\t\t\t\t\t<div class=\"elementor-container elementor-column-gap-no\">\n\t\t\t\t\t<div class=\"elementor-column elementor-col-50 elementor-inner-column elementor-element elementor-element-67d6de8\" data-id=\"67d6de8\" data-element_type=\"column\" data-e-type=\"column\">\n\t\t\t<div class=\"elementor-widget-wrap elementor-element-populated\">\n\t\t\t\t\t\t<div class=\"elementor-element elementor-element-2e1509d animated-fast cs-animation-small-offset elementor-invisible elementor-widget elementor-widget-image\" data-id=\"2e1509d\" data-element_type=\"widget\" data-e-type=\"widget\" data-settings=\"{&quot;_animation&quot;:&quot;fadeInLeft&quot;,&quot;_animation_tablet&quot;:&quot;fadeInUp&quot;}\" data-widget_type=\"image.default\">\n\t\t\t\t<div class=\"elementor-widget-container\">\n\t\t\t\t\t\t\t\t\t\t\t\t\t\t\t<img decoding=\"async\" width=\"550\" height=\"733\" src=\"https:\/\/www.hummingbirdcabarete.com\/wp-content\/uploads\/2024\/11\/galerie-05-550x733.jpg\" class=\"attachment-cozystay_550x9999 size-cozystay_550x9999 wp-image-2340\" alt=\"\" srcset=\"https:\/\/www.hummingbirdcabarete.com\/wp-content\/uploads\/2024\/11\/galerie-05-550x733.jpg 550w, https:\/\/www.hummingbirdcabarete.com\/wp-content\/uploads\/2024\/11\/galerie-05-225x300.jpg 225w, https:\/\/www.hummingbirdcabarete.com\/wp-content\/uploads\/2024\/11\/galerie-05-768x1024.jpg 768w, https:\/\/www.hummingbirdcabarete.com\/wp-content\/uploads\/2024\/11\/galerie-05-1152x1536.jpg 1152w, https:\/\/www.hummingbirdcabarete.com\/wp-content\/uploads\/2024\/11\/galerie-05-780x1040.jpg 780w, https:\/\/www.hummingbirdcabarete.com\/wp-content\/uploads\/2024\/11\/galerie-05-600x800.jpg 600w, https:\/\/www.hummingbirdcabarete.com\/wp-content\/uploads\/2024\/11\/galerie-05-370x493.jpg 370w, https:\/\/www.hummingbirdcabarete.com\/wp-content\/uploads\/2024\/11\/galerie-05-255x340.jpg 255w, https:\/\/www.hummingbirdcabarete.com\/wp-content\/uploads\/2024\/11\/galerie-05-113x150.jpg 113w, https:\/\/www.hummingbirdcabarete.com\/wp-content\/uploads\/2024\/11\/galerie-05.jpg 1200w\" sizes=\"(max-width: 550px) 100vw, 550px\" \/>\t\t\t\t\t\t\t\t\t\t\t\t\t\t\t<\/div>\n\t\t\t\t<\/div>\n\t\t\t\t\t<\/div>\n\t\t<\/div>\n\t\t\t\t<div class=\"elementor-column elementor-col-50 elementor-inner-column elementor-element elementor-element-6ac1814\" data-id=\"6ac1814\" data-element_type=\"column\" data-e-type=\"column\">\n\t\t\t<div class=\"elementor-widget-wrap elementor-element-populated\">\n\t\t\t\t\t\t<div class=\"elementor-element elementor-element-aa85cef animated-fast cs-animation-small-offset elementor-invisible elementor-widget elementor-widget-image\" data-id=\"aa85cef\" data-element_type=\"widget\" data-e-type=\"widget\" data-settings=\"{&quot;_animation&quot;:&quot;fadeInLeft&quot;,&quot;_animation_delay&quot;:150,&quot;_animation_tablet&quot;:&quot;fadeInUp&quot;}\" data-widget_type=\"image.default\">\n\t\t\t\t<div class=\"elementor-widget-container\">\n\t\t\t\t\t\t\t\t\t\t\t\t\t\t\t<img decoding=\"async\" width=\"780\" height=\"439\" src=\"https:\/\/www.hummingbirdcabarete.com\/wp-content\/uploads\/2024\/11\/galerie-09-780x439.jpg\" class=\"attachment-cozystay_780x9999 size-cozystay_780x9999 wp-image-2344\" alt=\"\" srcset=\"https:\/\/www.hummingbirdcabarete.com\/wp-content\/uploads\/2024\/11\/galerie-09-780x439.jpg 780w, https:\/\/www.hummingbirdcabarete.com\/wp-content\/uploads\/2024\/11\/galerie-09-300x169.jpg 300w, https:\/\/www.hummingbirdcabarete.com\/wp-content\/uploads\/2024\/11\/galerie-09-1024x576.jpg 1024w, https:\/\/www.hummingbirdcabarete.com\/wp-content\/uploads\/2024\/11\/galerie-09-768x432.jpg 768w, https:\/\/www.hummingbirdcabarete.com\/wp-content\/uploads\/2024\/11\/galerie-09-1536x865.jpg 1536w, https:\/\/www.hummingbirdcabarete.com\/wp-content\/uploads\/2024\/11\/galerie-09-2048x1153.jpg 2048w, https:\/\/www.hummingbirdcabarete.com\/wp-content\/uploads\/2024\/11\/galerie-09-1920x1081.jpg 1920w, https:\/\/www.hummingbirdcabarete.com\/wp-content\/uploads\/2024\/11\/galerie-09-1440x811.jpg 1440w, https:\/\/www.hummingbirdcabarete.com\/wp-content\/uploads\/2024\/11\/galerie-09-1200x675.jpg 1200w, https:\/\/www.hummingbirdcabarete.com\/wp-content\/uploads\/2024\/11\/galerie-09-600x338.jpg 600w, https:\/\/www.hummingbirdcabarete.com\/wp-content\/uploads\/2024\/11\/galerie-09-550x310.jpg 550w, https:\/\/www.hummingbirdcabarete.com\/wp-content\/uploads\/2024\/11\/galerie-09-370x208.jpg 370w, https:\/\/www.hummingbirdcabarete.com\/wp-content\/uploads\/2024\/11\/galerie-09-255x144.jpg 255w, https:\/\/www.hummingbirdcabarete.com\/wp-content\/uploads\/2024\/11\/galerie-09-150x84.jpg 150w\" sizes=\"(max-width: 780px) 100vw, 780px\" \/>\t\t\t\t\t\t\t\t\t\t\t\t\t\t\t<\/div>\n\t\t\t\t<\/div>\n\t\t\t\t\t<\/div>\n\t\t<\/div>\n\t\t\t\t\t<\/div>\n\t\t<\/section>\n\t\t\t\t\t<\/div>\n\t\t<\/div>\n\t\t\t\t<div class=\"elementor-column elementor-col-50 elementor-top-column elementor-element elementor-element-53a4f6f\" data-id=\"53a4f6f\" data-element_type=\"column\" data-e-type=\"column\">\n\t\t\t<div class=\"elementor-widget-wrap elementor-element-populated\">\n\t\t\t\t\t\t<div class=\"elementor-element elementor-element-a720639 elementor-widget elementor-widget-cs_title\" data-id=\"a720639\" data-element_type=\"widget\" data-e-type=\"widget\" data-widget_type=\"cs_title.default\">\n\t\t\t\t<div class=\"elementor-widget-container\">\n\t\t\t\t\t\n        <div class=\"cs-title-wrap\">\t            <h3 class=\"cs-title\">\n\t                Why choose us\t            <\/h3>\t            <div class=\"cs-title-text\">\n\t                <p><br \/><strong>Luxury amenities<\/strong><br \/>Nous avons choisi des installations de luxe pour notre h\u00f4tel parmi des marques fiables et r\u00e9put\u00e9es<br \/>Personnel sympathique<br \/><br \/><br \/><strong>Our staff is helpful.<\/strong> Ils r\u00e9pondent \u00e0 toutes les questions des clients avec plaisir.<br \/>Prise en charge \u00e0 l&rsquo;a\u00e9roport<br \/><br \/><br \/><strong>The hotel offers a shuttle service<\/strong> depuis et vers l&rsquo;a\u00e9roport moyennant des frais suppl\u00e9mentaires, \u00e0 chaque fois que vous avez besoin de notre service.<br \/>Meilleur emplacement<br \/><br \/><br \/><strong>The location of the HUMMINGBIRD CABARETE hotel<\/strong> is safe, peaceful and well located. As it is 7 minutes walk to the beach, more than 15 restaurants nearby.<\/p>\t            <\/div>        <\/div>\t\t\t\t<\/div>\n\t\t\t\t<\/div>\n\t\t\t\t\t<\/div>\n\t\t<\/div>\n\t\t\t\t\t<\/div>\n\t\t<\/section>\n\t\t\t\t<\/div>","protected":false},"excerpt":{"rendered":"<p>\u00c0 propos de Hummingbird Cabarete Bienvenue au Hummingbird Cabarete Le Hummingbird Cabarete est l&rsquo;endroit id\u00e9al pour les groupes d&rsquo;h\u00f4tes et les voyageurs individuels qui aiment s\u00e9journer \u00e0 petit prix tout en restant \u00e9conomique, confortable et central. Avec tous les services dont vous avez besoin. Situ\u00e9 dans la partie la plus color\u00e9e de Cabarete et \u00e0 &#8230;<\/p>","protected":false},"author":1,"featured_media":0,"parent":0,"menu_order":0,"comment_status":"closed","ping_status":"closed","template":"template-wide-content.php","meta":{"cozystay_single_page_hide_site_header":"","cozystay_single_page_site_header_source":"","cozystay_single_page_custom_site_header":"0","cozystay_single_page_custom_sticky_site_header":"0","cozystay_single_page_hide_page_title":"on","cozystay_single_page_header_section_size":"","cozystay_single_page_header_background_color":"","cozystay_single_page_header_background_position_x":"center","cozystay_single_page_header_background_position_y":"center","cozystay_single_page_header_background_size":"cover","cozystay_single_page_header_background_repeat":"off","cozystay_single_page_header_background_scroll":"on","cozystay_single_page_header_text_color":"","cozystay_single_page_header_show_breadcrumb":"","cozystay_single_page_site_footer_hide_main":"","cozystay_single_custom_site_footer_main_source":"","cozystay_single_custom_site_footer_main":"0","cozystay_single_page_site_footer_hide_above":"","cozystay_single_custom_site_footer_above_source":"","cozystay_single_custom_site_footer_above":"0","cozystay_single_page_site_footer_hide_instagram":"","cozystay_single_page_site_footer_hide_bottom":"","cozystay_single_custom_mobile_menu_source":"","cozystay_single_custom_mobile_menu":"0","cozystay_single_custom_mobile_menu_animation":"","cozystay_single_custom_mobile_menu_width":"","cozystay_single_custom_mobile_menu_custom_width":375,"footnotes":""},"class_list":["post-594","page","type-page","status-publish","hentry"],"yoast_head":"<!-- This site is optimized with the Yoast SEO plugin v27.5 - https:\/\/yoast.com\/product\/yoast-seo-wordpress\/ -->\n<title>\u00c0 propos - H\u00f4tel Hummingbird Cabarete<\/title>\n<meta name=\"robots\" content=\"index, follow, max-snippet:-1, max-image-preview:large, max-video-preview:-1\" \/>\n<link rel=\"canonical\" href=\"https:\/\/www.hummingbirdcabarete.com\/en\/a-propos\/\" \/>\n<meta property=\"og:locale\" content=\"en_US\" \/>\n<meta property=\"og:type\" content=\"article\" \/>\n<meta property=\"og:title\" content=\"\u00c0 propos - H\u00f4tel Hummingbird Cabarete\" \/>\n<meta property=\"og:description\" content=\"\u00c0 propos de Hummingbird Cabarete Bienvenue au Hummingbird Cabarete Le Hummingbird Cabarete est l&rsquo;endroit id\u00e9al pour les groupes d&rsquo;h\u00f4tes et les voyageurs individuels qui aiment s\u00e9journer \u00e0 petit prix tout en restant \u00e9conomique, confortable et central. Avec tous les services dont vous avez besoin. Situ\u00e9 dans la partie la plus color\u00e9e de Cabarete et \u00e0 ...\" \/>\n<meta property=\"og:url\" content=\"https:\/\/www.hummingbirdcabarete.com\/en\/a-propos\/\" \/>\n<meta property=\"og:site_name\" content=\"H\u00f4tel Hummingbird Cabarete\" \/>\n<meta property=\"article:modified_time\" content=\"2025-01-03T21:15:44+00:00\" \/>\n<meta property=\"og:image\" content=\"https:\/\/www.hummingbirdcabarete.com\/wp-content\/uploads\/2024\/11\/galerie-01.jpg\" \/>\n\t<meta property=\"og:image:width\" content=\"2560\" \/>\n\t<meta property=\"og:image:height\" content=\"1441\" \/>\n\t<meta property=\"og:image:type\" content=\"image\/jpeg\" \/>\n<meta name=\"twitter:card\" content=\"summary_large_image\" \/>\n<meta name=\"twitter:label1\" content=\"Est. reading time\" \/>\n\t<meta name=\"twitter:data1\" content=\"2 minutes\" \/>\n<script type=\"application\/ld+json\" class=\"yoast-schema-graph\">{\"@context\":\"https:\\\/\\\/schema.org\",\"@graph\":[{\"@type\":\"WebPage\",\"@id\":\"https:\\\/\\\/www.hummingbirdcabarete.com\\\/a-propos\\\/\",\"url\":\"https:\\\/\\\/www.hummingbirdcabarete.com\\\/a-propos\\\/\",\"name\":\"\u00c0 propos - H\u00f4tel Hummingbird Cabarete\",\"isPartOf\":{\"@id\":\"https:\\\/\\\/www.hummingbirdcabarete.com\\\/#website\"},\"primaryImageOfPage\":{\"@id\":\"https:\\\/\\\/www.hummingbirdcabarete.com\\\/a-propos\\\/#primaryimage\"},\"image\":{\"@id\":\"https:\\\/\\\/www.hummingbirdcabarete.com\\\/a-propos\\\/#primaryimage\"},\"thumbnailUrl\":\"https:\\\/\\\/www.hummingbirdcabarete.com\\\/wp-content\\\/uploads\\\/2024\\\/11\\\/galerie-01-1440x811.jpg\",\"datePublished\":\"2023-03-17T07:55:12+00:00\",\"dateModified\":\"2025-01-03T21:15:44+00:00\",\"breadcrumb\":{\"@id\":\"https:\\\/\\\/www.hummingbirdcabarete.com\\\/a-propos\\\/#breadcrumb\"},\"inLanguage\":\"en-US\",\"potentialAction\":[{\"@type\":\"ReadAction\",\"target\":[\"https:\\\/\\\/www.hummingbirdcabarete.com\\\/a-propos\\\/\"]}]},{\"@type\":\"ImageObject\",\"inLanguage\":\"en-US\",\"@id\":\"https:\\\/\\\/www.hummingbirdcabarete.com\\\/a-propos\\\/#primaryimage\",\"url\":\"https:\\\/\\\/www.hummingbirdcabarete.com\\\/wp-content\\\/uploads\\\/2024\\\/11\\\/galerie-01-1440x811.jpg\",\"contentUrl\":\"https:\\\/\\\/www.hummingbirdcabarete.com\\\/wp-content\\\/uploads\\\/2024\\\/11\\\/galerie-01-1440x811.jpg\"},{\"@type\":\"BreadcrumbList\",\"@id\":\"https:\\\/\\\/www.hummingbirdcabarete.com\\\/a-propos\\\/#breadcrumb\",\"itemListElement\":[{\"@type\":\"ListItem\",\"position\":1,\"name\":\"Home\",\"item\":\"https:\\\/\\\/www.hummingbirdcabarete.com\\\/\"},{\"@type\":\"ListItem\",\"position\":2,\"name\":\"\u00c0 propos\"}]},{\"@type\":\"WebSite\",\"@id\":\"https:\\\/\\\/www.hummingbirdcabarete.com\\\/#website\",\"url\":\"https:\\\/\\\/www.hummingbirdcabarete.com\\\/\",\"name\":\"H\u00f4tel Hummingbird Cabarete\",\"description\":\"\",\"publisher\":{\"@id\":\"https:\\\/\\\/www.hummingbirdcabarete.com\\\/#organization\"},\"potentialAction\":[{\"@type\":\"SearchAction\",\"target\":{\"@type\":\"EntryPoint\",\"urlTemplate\":\"https:\\\/\\\/www.hummingbirdcabarete.com\\\/?s={search_term_string}\"},\"query-input\":{\"@type\":\"PropertyValueSpecification\",\"valueRequired\":true,\"valueName\":\"search_term_string\"}}],\"inLanguage\":\"en-US\"},{\"@type\":\"Organization\",\"@id\":\"https:\\\/\\\/www.hummingbirdcabarete.com\\\/#organization\",\"name\":\"H\u00f4tel Hummingbird Cabarete\",\"url\":\"https:\\\/\\\/www.hummingbirdcabarete.com\\\/\",\"logo\":{\"@type\":\"ImageObject\",\"inLanguage\":\"en-US\",\"@id\":\"https:\\\/\\\/www.hummingbirdcabarete.com\\\/#\\\/schema\\\/logo\\\/image\\\/\",\"url\":\"https:\\\/\\\/www.hummingbirdcabarete.com\\\/wp-content\\\/uploads\\\/2024\\\/11\\\/cropped-main_logo-removebg-preview-e1699003132760.png\",\"contentUrl\":\"https:\\\/\\\/www.hummingbirdcabarete.com\\\/wp-content\\\/uploads\\\/2024\\\/11\\\/cropped-main_logo-removebg-preview-e1699003132760.png\",\"width\":505,\"height\":345,\"caption\":\"H\u00f4tel Hummingbird Cabarete\"},\"image\":{\"@id\":\"https:\\\/\\\/www.hummingbirdcabarete.com\\\/#\\\/schema\\\/logo\\\/image\\\/\"}}]}<\/script>\n<!-- \/ Yoast SEO plugin. -->","yoast_head_json":{"title":"\u00c0 propos - H\u00f4tel Hummingbird Cabarete","robots":{"index":"index","follow":"follow","max-snippet":"max-snippet:-1","max-image-preview":"max-image-preview:large","max-video-preview":"max-video-preview:-1"},"canonical":"https:\/\/www.hummingbirdcabarete.com\/en\/a-propos\/","og_locale":"en_US","og_type":"article","og_title":"\u00c0 propos - H\u00f4tel Hummingbird Cabarete","og_description":"\u00c0 propos de Hummingbird Cabarete Bienvenue au Hummingbird Cabarete Le Hummingbird Cabarete est l&rsquo;endroit id\u00e9al pour les groupes d&rsquo;h\u00f4tes et les voyageurs individuels qui aiment s\u00e9journer \u00e0 petit prix tout en restant \u00e9conomique, confortable et central. Avec tous les services dont vous avez besoin. Situ\u00e9 dans la partie la plus color\u00e9e de Cabarete et \u00e0 ...","og_url":"https:\/\/www.hummingbirdcabarete.com\/en\/a-propos\/","og_site_name":"H\u00f4tel Hummingbird Cabarete","article_modified_time":"2025-01-03T21:15:44+00:00","og_image":[{"width":2560,"height":1441,"url":"https:\/\/www.hummingbirdcabarete.com\/wp-content\/uploads\/2024\/11\/galerie-01.jpg","type":"image\/jpeg"}],"twitter_card":"summary_large_image","twitter_misc":{"Est. reading time":"2 minutes"},"schema":{"@context":"https:\/\/schema.org","@graph":[{"@type":"WebPage","@id":"https:\/\/www.hummingbirdcabarete.com\/a-propos\/","url":"https:\/\/www.hummingbirdcabarete.com\/a-propos\/","name":"\u00c0 propos - H\u00f4tel Hummingbird Cabarete","isPartOf":{"@id":"https:\/\/www.hummingbirdcabarete.com\/#website"},"primaryImageOfPage":{"@id":"https:\/\/www.hummingbirdcabarete.com\/a-propos\/#primaryimage"},"image":{"@id":"https:\/\/www.hummingbirdcabarete.com\/a-propos\/#primaryimage"},"thumbnailUrl":"https:\/\/www.hummingbirdcabarete.com\/wp-content\/uploads\/2024\/11\/galerie-01-1440x811.jpg","datePublished":"2023-03-17T07:55:12+00:00","dateModified":"2025-01-03T21:15:44+00:00","breadcrumb":{"@id":"https:\/\/www.hummingbirdcabarete.com\/a-propos\/#breadcrumb"},"inLanguage":"en-US","potentialAction":[{"@type":"ReadAction","target":["https:\/\/www.hummingbirdcabarete.com\/a-propos\/"]}]},{"@type":"ImageObject","inLanguage":"en-US","@id":"https:\/\/www.hummingbirdcabarete.com\/a-propos\/#primaryimage","url":"https:\/\/www.hummingbirdcabarete.com\/wp-content\/uploads\/2024\/11\/galerie-01-1440x811.jpg","contentUrl":"https:\/\/www.hummingbirdcabarete.com\/wp-content\/uploads\/2024\/11\/galerie-01-1440x811.jpg"},{"@type":"BreadcrumbList","@id":"https:\/\/www.hummingbirdcabarete.com\/a-propos\/#breadcrumb","itemListElement":[{"@type":"ListItem","position":1,"name":"Home","item":"https:\/\/www.hummingbirdcabarete.com\/"},{"@type":"ListItem","position":2,"name":"\u00c0 propos"}]},{"@type":"WebSite","@id":"https:\/\/www.hummingbirdcabarete.com\/#website","url":"https:\/\/www.hummingbirdcabarete.com\/","name":"H\u00f4tel Hummingbird Cabarete","description":"","publisher":{"@id":"https:\/\/www.hummingbirdcabarete.com\/#organization"},"potentialAction":[{"@type":"SearchAction","target":{"@type":"EntryPoint","urlTemplate":"https:\/\/www.hummingbirdcabarete.com\/?s={search_term_string}"},"query-input":{"@type":"PropertyValueSpecification","valueRequired":true,"valueName":"search_term_string"}}],"inLanguage":"en-US"},{"@type":"Organization","@id":"https:\/\/www.hummingbirdcabarete.com\/#organization","name":"H\u00f4tel Hummingbird Cabarete","url":"https:\/\/www.hummingbirdcabarete.com\/","logo":{"@type":"ImageObject","inLanguage":"en-US","@id":"https:\/\/www.hummingbirdcabarete.com\/#\/schema\/logo\/image\/","url":"https:\/\/www.hummingbirdcabarete.com\/wp-content\/uploads\/2024\/11\/cropped-main_logo-removebg-preview-e1699003132760.png","contentUrl":"https:\/\/www.hummingbirdcabarete.com\/wp-content\/uploads\/2024\/11\/cropped-main_logo-removebg-preview-e1699003132760.png","width":505,"height":345,"caption":"H\u00f4tel Hummingbird Cabarete"},"image":{"@id":"https:\/\/www.hummingbirdcabarete.com\/#\/schema\/logo\/image\/"}}]}},"_links":{"self":[{"href":"https:\/\/www.hummingbirdcabarete.com\/en\/wp-json\/wp\/v2\/pages\/594","targetHints":{"allow":["GET"]}}],"collection":[{"href":"https:\/\/www.hummingbirdcabarete.com\/en\/wp-json\/wp\/v2\/pages"}],"about":[{"href":"https:\/\/www.hummingbirdcabarete.com\/en\/wp-json\/wp\/v2\/types\/page"}],"author":[{"embeddable":true,"href":"https:\/\/www.hummingbirdcabarete.com\/en\/wp-json\/wp\/v2\/users\/1"}],"replies":[{"embeddable":true,"href":"https:\/\/www.hummingbirdcabarete.com\/en\/wp-json\/wp\/v2\/comments?post=594"}],"version-history":[{"count":17,"href":"https:\/\/www.hummingbirdcabarete.com\/en\/wp-json\/wp\/v2\/pages\/594\/revisions"}],"predecessor-version":[{"id":2769,"href":"https:\/\/www.hummingbirdcabarete.com\/en\/wp-json\/wp\/v2\/pages\/594\/revisions\/2769"}],"wp:attachment":[{"href":"https:\/\/www.hummingbirdcabarete.com\/en\/wp-json\/wp\/v2\/media?parent=594"}],"curies":[{"name":"wp","href":"https:\/\/api.w.org\/{rel}","templated":true}]}}