{"id":3,"date":"2024-11-23T16:06:54","date_gmt":"2024-11-23T21:06:54","guid":{"rendered":"https:\/\/pascalcaillens.com\/hotel\/?page_id=3"},"modified":"2025-01-11T15:38:25","modified_gmt":"2025-01-11T20:38:25","slug":"termes-et-conditions","status":"publish","type":"page","link":"https:\/\/www.hummingbirdcabarete.com\/en\/termes-et-conditions\/","title":{"rendered":"Termes et conditions"},"content":{"rendered":"<div class=\"container\">\n<div class=\"row\">\n<div class=\"col-xs-12\">\n<div class=\"content\">\n<h1 class=\"terms-conditions-title\">D\u00c9CLARATION L\u00c9GALE<\/h1>\n<p>&nbsp;<\/p>\n<p><strong>CONDITIONS GENERALES D&rsquo;UTILISATION ET DE PROTECTION DE L&rsquo;UTILISATEUR DU SITE WWW.HUMMINGBIRDCABARETE.COM<\/strong><\/p>\n<p>&nbsp;<\/p>\n<p><strong>1.\u00a0<\/strong><strong>PR\u00c9SENTATION<\/strong><\/p>\n<p>Ce document d\u00e9finit les conditions g\u00e9n\u00e9rales d&rsquo;utilisation et fournit des informations sur la protection des utilisateurs de ce site Web, propri\u00e9t\u00e9 de HUMMINGBIRD CABARETE (ci-apr\u00e8s \u00ab Hummingbird Cabarete \u00bb ou \u00ab le propri\u00e9taire du site Web \u00bb), dont le si\u00e8ge social est situ\u00e9 <a href=\"https:\/\/www.google.com\/maps\/place\/19%C2%B044'56.8%22N+70%C2%B024'56.0%22W\/@19.7492653,-70.4158895,64m\/data=!3m1!1e3!4m4!3m3!8m2!3d19.7491111!4d-70.4155556?entry=ttu\" target=\"_blank\" rel=\"noopener\"><span class=\"VIpgJd-yAWNEb-VIpgJd-fmcmS-sn54Q\">Callej\u00f3n de la Loma, Cabarete, Sos\u00faa, Dominican Republic<\/span><\/a>. T\u00e9l\u00e9phone <a href=\"tel: 1 849-507-9729\"><span class=\"VIpgJd-yAWNEb-VIpgJd-fmcmS-sn54Q\">+1 829-901-2637<\/span><\/a><\/p>\n<p>Par l&rsquo;interm\u00e9diaire de www.hummingbirdcabarete.com, le propri\u00e9taire du site Web met \u00e0 disposition des utilisateurs des informations et un acc\u00e8s \u00e0 des services li\u00e9s aux h\u00f4tels qu&rsquo;il g\u00e8re, tels que des r\u00e9servations en ligne, un service client ou des opportunit\u00e9s d&#8217;emploi, afin d&rsquo;am\u00e9liorer les relations commerciales et de g\u00e9rer plus efficacement les demandes des clients.<\/p>\n<p>L&rsquo;utilisation du site Web et\/ou de ses services implique l&rsquo;acceptation pleine et enti\u00e8re des pr\u00e9sentes conditions g\u00e9n\u00e9rales. L&rsquo;acc\u00e8s et l&rsquo;utilisation de certains services du site www.hummingbirdcabarete.com peuvent \u00eatre soumis \u00e0 des conditions particuli\u00e8res susceptibles de compl\u00e9ter ou de se substituer aux pr\u00e9sentes conditions g\u00e9n\u00e9rales. Avant d&rsquo;utiliser de tels services, les utilisateurs doivent lire et accepter ces conditions particuli\u00e8res.<\/p>\n<p>&nbsp;<\/p>\n<p><strong>2. R\u00c8GLEMENT CONCERNANT LES GARANTIES<\/strong><\/p>\n<p>Lors de l&rsquo;enregistrement \u00e0 l&rsquo;h\u00f4tel, les clients doivent (i) pr\u00e9senter la m\u00eame carte de cr\u00e9dit que celle utilis\u00e9e pour le pr\u00e9paiement de la r\u00e9servation, si le pr\u00e9paiement a \u00e9t\u00e9 choisi comme mode de paiement lors de la r\u00e9servation ; et (ii) prouver qu&rsquo;il est le titulaire de ladite carte de cr\u00e9dit. Si cela ne peut \u00eatre fait, l&rsquo;h\u00f4tel facturera la totalit\u00e9 du s\u00e9jour et remboursera le pr\u00e9paiement effectu\u00e9 lors de la r\u00e9servation. Parall\u00e8lement, le client devra \u00e9galement pr\u00e9senter la pi\u00e8ce d&rsquo;identit\u00e9 qu&rsquo;il a utilis\u00e9e pour remplir le formulaire lors de la r\u00e9servation.<\/p>\n<p>&nbsp;<\/p>\n<p><strong>3. UTILISATION DU SITE WEB WWW.HUMMINGBIRDCABARETE.COM ET DES SERVICES\u00a0DISPONIBLES<\/strong><\/p>\n<p>L&rsquo;utilisation de www.hummingbirdcabarete.com ne n\u00e9cessite g\u00e9n\u00e9ralement pas d&rsquo;enregistrement, sauf lorsque l&rsquo;utilisation de fonctionnalit\u00e9s ou de services sp\u00e9cifiques n\u00e9cessite l&rsquo;introduction de donn\u00e9es sous une forme associ\u00e9e.<\/p>\n<p>Les utilisateurs acceptent d&rsquo;utiliser le site Web www.hummingbirdcabarete.com et les services qu&rsquo;il propose conform\u00e9ment \u00e0 la l\u00e9gislation applicable, aux bonnes m\u0153urs et \u00e0 l&rsquo;ordre public, ainsi qu&rsquo;aux pr\u00e9sentes conditions g\u00e9n\u00e9rales.<\/p>\n<p>Il est donc interdit d\u2019utiliser le site www.hummingbirdcabarete.com et les services qu&rsquo;il propose \u00e0 des fins illicites ou contraires aux pr\u00e9sentes conditions g\u00e9n\u00e9rales, pour porter atteinte aux droits ou int\u00e9r\u00eats de tiers, et pour porter atteinte de quelque mani\u00e8re que ce soit au site Web www.hummingbirdcabarete.com, d\u2019emp\u00eacher son utilisation ou de porter atteinte \u00e0 l&rsquo;image et \u00e0 la r\u00e9putation de Hummingbird Cabarete, de ses marques ou des h\u00f4tels g\u00e9r\u00e9s.<\/p>\n<p>Afin d&rsquo;am\u00e9liorer le fonctionnement du site et ainsi b\u00e9n\u00e9ficier aux utilisateurs, le propri\u00e9taire du site peut \u00e0 tout moment et sans pr\u00e9avis modifier unilat\u00e9ralement les services fournis ou tout autre aspect substantiel du site, ses caract\u00e9ristiques op\u00e9rationnelles ou techniques et ses conditions d&rsquo;utilisation.<\/p>\n<p>L&rsquo;acc\u00e8s \u00e0 www.hummingbirdcabarete.com n&rsquo;implique aucun droit de reproduction ou de distribution de son contenu sans le consentement pr\u00e9alable du propri\u00e9taire du site Web.<\/p>\n<p>Le propri\u00e9taire du site Web se r\u00e9serve le droit d&rsquo;engager les poursuites judiciaires appropri\u00e9es pour d\u00e9fendre ses droits et obtenir une indemnisation pour tout dommage caus\u00e9 par toute violation des dispositions contenues dans le pr\u00e9sent document.<\/p>\n<p>&nbsp;<\/p>\n<p><strong>4. POLITIQUE DE CONFIDENTIALIT\u00c9 &#8211; PROTECTION DES DONN\u00c9ES PERSONNELLES<\/strong><\/p>\n<p>Le propri\u00e9taire du site Web est particuli\u00e8rement conscient de l&rsquo;importance de la protection des donn\u00e9es personnelles pour les utilisateurs des services du site Web et ses clients en g\u00e9n\u00e9ral. Pour plus d&rsquo;informations sur la mani\u00e8re dont les donn\u00e9es personnelles sont trait\u00e9es, consultez notre <strong>Politique de confidentialit\u00e9<\/strong>.<\/p>\n<p>Le propri\u00e9taire du site Web se r\u00e9serve le droit de modifier cette politique pour l&rsquo;adapter \u00e0 tout changement l\u00e9gislatif, crit\u00e8re jurisprudentiel, pratiques courantes de l&rsquo;industrie ou int\u00e9r\u00eats commerciaux.<\/p>\n<p>&nbsp;<\/p>\n<p><strong>5. POLITIQUE <\/strong><strong>COOKIE<\/strong><\/p>\n<p>L&rsquo;utilisation de cookies par le propri\u00e9taire du site Web est d\u00e9finie dans la <strong>Politique de cookies.<\/strong><\/p>\n<p>&nbsp;<\/p>\n<p><strong>6. LIENS<\/strong><\/p>\n<p>&nbsp;<\/p>\n<p><strong>6.1 CONTENUE DE TIERS<\/strong><\/p>\n<p>Le propri\u00e9taire du site Web n&rsquo;a aucun contr\u00f4le et n&rsquo;assume aucune responsabilit\u00e9 quant aux informations contenues dans les sites Web de tiers accessibles via des liens. La pr\u00e9sence de ces liens sur www.hummingbirdcabarete.com a un caract\u00e8re purement informatif et ne peut en aucun cas \u00eatre interpr\u00e9t\u00e9e comme une suggestion, une invitation ou une recommandation concernant lesdits sites tiers.<\/p>\n<p>Le propri\u00e9taire du site Web n&rsquo;assume donc aucune responsabilit\u00e9 quant aux informations ou au contenu des sites Web tiers.<\/p>\n<p>La publication de tout type de lien de ce site vers un autre n&rsquo;implique pas n\u00e9cessairement l&rsquo;existence d&rsquo;une relation commerciale, de partenariat ou d&rsquo;interd\u00e9pendance entre le propri\u00e9taire du site et le site tiers.<\/p>\n<p>&nbsp;<\/p>\n<p><strong>6.2 VISITES DU SITE WEB \u00c0 PARTIR DE SITES WEB TIERS<\/strong><\/p>\n<p>Toute personne souhaitant publier un lien vers ce site Web doit respecter les conditions suivantes :<\/p>\n<ul>\n<li>Lien vers la page d&rsquo;accueil du site sauf si le lien vers une autre zone du site est express\u00e9ment autoris\u00e9 par \u00e9crit par le propri\u00e9taire du site.<\/li>\n<li>Le lien doit diriger les utilisateurs vers une adresse URL relative au site Web.<\/li>\n<\/ul>\n<p>Le propri\u00e9taire du site Web n&rsquo;autorise pas les liens vers le site Web provenant de sites Web de tiers contenant des informations au contenu illicite ou ill\u00e9gal, ou qui ne respectent pas les bonnes m\u0153urs, l&rsquo;ordre public ou les normes sociales g\u00e9n\u00e9ralement accept\u00e9es.<\/p>\n<p>&nbsp;<\/p>\n<p><strong>7. GARANTIES DE SERVICE ET INTERRUPTIONS<\/strong><\/p>\n<p>Le propri\u00e9taire du site Web s&rsquo;efforce d&rsquo;\u00e9viter les interruptions dans la fourniture des informations et des services sur www.hummingbirdcabarete.com, mais ne garantit pas leur disponibilit\u00e9 dans le futur.<\/p>\n<p>Le propri\u00e9taire du site Web n&rsquo;assume aucune responsabilit\u00e9 pour les dommages de toute nature pouvant r\u00e9sulter du dysfonctionnement ou de l&rsquo;indisponibilit\u00e9 de www.hummingbirdcabarete.com et de tout syst\u00e8me de communication associ\u00e9 en raison d&rsquo;un cas de force majeure ou de toute interruption ou interf\u00e9rence dans les r\u00e9seaux de transmission de donn\u00e9es.<\/p>\n<p>&nbsp;<\/p>\n<p><strong>8. DROITS DE PROPRI\u00c9T\u00c9 INTELLECTUELLE ET INDUSTRIELLE.<\/strong><\/p>\n<p>Toutes les informations contenues dans ce site Web, sa conception graphique et son code de programmation sont prot\u00e9g\u00e9s par le droit d&rsquo;auteur ou d&rsquo;autres droits de propri\u00e9t\u00e9 intellectuelle ou industrielle applicables.<\/p>\n<p>Le propri\u00e9taire du site Web est propri\u00e9taire ou a obtenu la licence correspondante sur les droits de propri\u00e9t\u00e9 intellectuelle et industrielle du site Web et les droits de propri\u00e9t\u00e9 intellectuelle et industrielle sur les informations et les \u00e9l\u00e9ments contenus sur le site Web, sa structure, la s\u00e9lection, l&rsquo;ordre et la pr\u00e9sentation de son contenu, les services et produits qu&rsquo;il propose et les programmes informatiques qu&rsquo;il utilise.<\/p>\n<p>L&rsquo;acc\u00e8s ou l&rsquo;utilisation du site Web et de ses services, ainsi que l&rsquo;h\u00e9bergement ou le t\u00e9l\u00e9chargement de n&rsquo;importe lequel de ses contenus ne pourront en aucun cas \u00eatre compris comme une renonciation, une transmission, une licence ou une cession totale ou partielle des droits indiqu\u00e9s ci-dessus.<\/p>\n<p>L&rsquo;Utilisateur ne dispose que d&rsquo;un droit d&rsquo;usage strictement priv\u00e9, exclusivement pour profiter des services fournis. Le contenu du site Web ne peut \u00eatre inclus enti\u00e8rement ou partiellement dans des sites Web tiers sans l&rsquo;autorisation \u00e9crite pr\u00e9alable du propri\u00e9taire du site Web.<\/p>\n<p>Tous les droits de propri\u00e9t\u00e9 intellectuelle et industrielle sont r\u00e9serv\u00e9s. Il est notamment interdit de modifier, copier, r\u00e9utiliser, exploiter, reproduire, transformer, communiquer publiquement, republier, t\u00e9l\u00e9charger, envoyer par courrier, transmettre, traiter ou distribuer de quelque mani\u00e8re que ce soit tout ou partie du contenu ou des produits du site Web au public ou \u00e0 des fins commerciales sauf autorisation \u00e9crite expresse du propri\u00e9taire du site ou, le cas \u00e9ch\u00e9ant, du titulaire des droits correspondants.<\/p>\n<p>&nbsp;<\/p>\n<p><strong>9. COORDONN\u00c9ES DES CONTACTS<\/strong><\/p>\n<p>Vous pouvez contacter Hummingbird Cabarete \u00e0 l\u2019adresse suivante :<\/p>\n<h5 class=\"cs-title\">Hummingbird Cabarete<\/h5>\n<div class=\"cs-title-text\">\n<p><a href=\"https:\/\/www.google.com\/maps\/place\/19%C2%B044'56.8%22N+70%C2%B024'56.0%22W\/@19.7492653,-70.4158895,64m\/data=!3m1!1e3!4m4!3m3!8m2!3d19.7491111!4d-70.4155556?entry=ttu\" target=\"_blank\" rel=\"noopener\"><span class=\"VIpgJd-yAWNEb-VIpgJd-fmcmS-sn54Q\">Callej\u00f3n de la Loma, Cabarete, Sos\u00faa, Dominican Republic<\/span><\/a><\/p>\n<p><strong>Phone:<\/strong> <a href=\"tel: 1 849-507-9729\"><span class=\"VIpgJd-yAWNEb-VIpgJd-fmcmS-sn54Q\">+1 829-901-2637<\/span><\/a><\/p>\n<\/div>\n<p><strong>E-mail:<\/strong> <a href=\"mailto:info@hummingbirdcabarete.com\">info@hummingbirdcabarete.com<\/a><\/p>\n<p>&nbsp;<\/p>\n<p><strong>10. JURIDICTION APPLICABLE<\/strong><\/p>\n<p>Le site Web de Hummingbird Cabarete est soumis au droit commun espagnol et la r\u00e9solution de tout litige pouvant survenir avec les utilisateurs concernant les conditions d&rsquo;utilisation ou toute autre r\u00e9clamation li\u00e9e aux contenus et aux services du site Web sera soumise aux tribunaux de la R\u00e9publique Dominicaine, les parties renon\u00e7ant express\u00e9ment \u00e0 tout droit \u00e0 toute autre juridiction qui pourrait leur \u00eatre applicable.<\/p>\n<p>&nbsp;<\/p>\n<p><strong>11. CONDITIONS D&rsquo;ANNULATION<\/strong><\/p>\n<p>La politique d&rsquo;annulation concernant les services souscrits sera transmise aux utilisateurs lors de la r\u00e9alisation de toute transaction, en indiquant express\u00e9ment les conditions de remboursement des sommes vers\u00e9es, le cas \u00e9ch\u00e9ant.<\/p>\n<p>&nbsp;<\/p>\n<p>HUMMINGBIRD CABARETE. 2025 \u00a9Tous droits r\u00e9serv\u00e9s<\/p>\n<\/div>\n<\/div>\n<\/div>\n<\/div>","protected":false},"excerpt":{"rendered":"<p>D\u00c9CLARATION L\u00c9GALE &nbsp; CONDITIONS GENERALES D&rsquo;UTILISATION ET DE PROTECTION DE L&rsquo;UTILISATEUR DU SITE WWW.HUMMINGBIRDCABARETE.COM &nbsp; 1.\u00a0PR\u00c9SENTATION Ce document d\u00e9finit les conditions g\u00e9n\u00e9rales d&rsquo;utilisation et fournit des informations sur la protection des utilisateurs de ce site Web, propri\u00e9t\u00e9 de HUMMINGBIRD CABARETE (ci-apr\u00e8s \u00ab Hummingbird Cabarete \u00bb ou \u00ab le propri\u00e9taire du site Web \u00bb), dont le &#8230;<\/p>","protected":false},"author":1,"featured_media":0,"parent":0,"menu_order":0,"comment_status":"closed","ping_status":"closed","template":"","meta":{"cozystay_single_page_hide_site_header":"","cozystay_single_page_site_header_source":"","cozystay_single_page_custom_site_header":"","cozystay_single_page_custom_sticky_site_header":"","cozystay_single_page_hide_page_title":"","cozystay_single_page_header_section_size":"","cozystay_single_page_header_background_color":"","cozystay_single_page_header_background_position_x":"center","cozystay_single_page_header_background_position_y":"center","cozystay_single_page_header_background_size":"cover","cozystay_single_page_header_background_repeat":"off","cozystay_single_page_header_background_scroll":"on","cozystay_single_page_header_text_color":"","cozystay_single_page_header_show_breadcrumb":"","cozystay_single_page_site_footer_hide_main":"","cozystay_single_custom_site_footer_main_source":"","cozystay_single_custom_site_footer_main":"","cozystay_single_page_site_footer_hide_above":"","cozystay_single_custom_site_footer_above_source":"","cozystay_single_custom_site_footer_above":"","cozystay_single_page_site_footer_hide_instagram":"","cozystay_single_page_site_footer_hide_bottom":"","cozystay_single_custom_mobile_menu_source":"","cozystay_single_custom_mobile_menu":"","cozystay_single_custom_mobile_menu_animation":"","cozystay_single_custom_mobile_menu_width":"","cozystay_single_custom_mobile_menu_custom_width":375,"footnotes":""},"class_list":["post-3","page","type-page","status-publish","hentry"],"yoast_head":"<!-- This site is optimized with the Yoast SEO plugin v27.3 - https:\/\/yoast.com\/product\/yoast-seo-wordpress\/ -->\n<title>Termes et conditions - H\u00f4tel Hummingbird Cabarete<\/title>\n<meta name=\"robots\" content=\"index, follow, max-snippet:-1, max-image-preview:large, max-video-preview:-1\" \/>\n<link rel=\"canonical\" href=\"https:\/\/www.hummingbirdcabarete.com\/en\/termes-et-conditions\/\" \/>\n<meta property=\"og:locale\" content=\"en_US\" \/>\n<meta property=\"og:type\" content=\"article\" \/>\n<meta property=\"og:title\" content=\"Termes et conditions - H\u00f4tel Hummingbird Cabarete\" \/>\n<meta property=\"og:description\" content=\"D\u00c9CLARATION L\u00c9GALE &nbsp; CONDITIONS GENERALES D&rsquo;UTILISATION ET DE PROTECTION DE L&rsquo;UTILISATEUR DU SITE WWW.HUMMINGBIRDCABARETE.COM &nbsp; 1.\u00a0PR\u00c9SENTATION Ce document d\u00e9finit les conditions g\u00e9n\u00e9rales d&rsquo;utilisation et fournit des informations sur la protection des utilisateurs de ce site Web, propri\u00e9t\u00e9 de HUMMINGBIRD CABARETE (ci-apr\u00e8s \u00ab Hummingbird Cabarete \u00bb ou \u00ab le propri\u00e9taire du site Web \u00bb), dont le ...\" \/>\n<meta property=\"og:url\" content=\"https:\/\/www.hummingbirdcabarete.com\/en\/termes-et-conditions\/\" \/>\n<meta property=\"og:site_name\" content=\"H\u00f4tel Hummingbird Cabarete\" \/>\n<meta property=\"article:modified_time\" content=\"2025-01-11T20:38:25+00:00\" \/>\n<meta name=\"twitter:card\" content=\"summary_large_image\" \/>\n<meta name=\"twitter:label1\" content=\"Est. reading time\" \/>\n\t<meta name=\"twitter:data1\" content=\"7 minutes\" \/>\n<script type=\"application\/ld+json\" class=\"yoast-schema-graph\">{\"@context\":\"https:\\\/\\\/schema.org\",\"@graph\":[{\"@type\":\"WebPage\",\"@id\":\"https:\\\/\\\/www.hummingbirdcabarete.com\\\/termes-et-conditions\\\/\",\"url\":\"https:\\\/\\\/www.hummingbirdcabarete.com\\\/termes-et-conditions\\\/\",\"name\":\"Termes et conditions - H\u00f4tel Hummingbird Cabarete\",\"isPartOf\":{\"@id\":\"https:\\\/\\\/www.hummingbirdcabarete.com\\\/#website\"},\"datePublished\":\"2024-11-23T21:06:54+00:00\",\"dateModified\":\"2025-01-11T20:38:25+00:00\",\"breadcrumb\":{\"@id\":\"https:\\\/\\\/www.hummingbirdcabarete.com\\\/termes-et-conditions\\\/#breadcrumb\"},\"inLanguage\":\"en-US\",\"potentialAction\":[{\"@type\":\"ReadAction\",\"target\":[\"https:\\\/\\\/www.hummingbirdcabarete.com\\\/termes-et-conditions\\\/\"]}]},{\"@type\":\"BreadcrumbList\",\"@id\":\"https:\\\/\\\/www.hummingbirdcabarete.com\\\/termes-et-conditions\\\/#breadcrumb\",\"itemListElement\":[{\"@type\":\"ListItem\",\"position\":1,\"name\":\"Home\",\"item\":\"https:\\\/\\\/www.hummingbirdcabarete.com\\\/\"},{\"@type\":\"ListItem\",\"position\":2,\"name\":\"Termes et conditions\"}]},{\"@type\":\"WebSite\",\"@id\":\"https:\\\/\\\/www.hummingbirdcabarete.com\\\/#website\",\"url\":\"https:\\\/\\\/www.hummingbirdcabarete.com\\\/\",\"name\":\"H\u00f4tel Hummingbird Cabarete\",\"description\":\"\",\"publisher\":{\"@id\":\"https:\\\/\\\/www.hummingbirdcabarete.com\\\/#organization\"},\"potentialAction\":[{\"@type\":\"SearchAction\",\"target\":{\"@type\":\"EntryPoint\",\"urlTemplate\":\"https:\\\/\\\/www.hummingbirdcabarete.com\\\/?s={search_term_string}\"},\"query-input\":{\"@type\":\"PropertyValueSpecification\",\"valueRequired\":true,\"valueName\":\"search_term_string\"}}],\"inLanguage\":\"en-US\"},{\"@type\":\"Organization\",\"@id\":\"https:\\\/\\\/www.hummingbirdcabarete.com\\\/#organization\",\"name\":\"H\u00f4tel Hummingbird Cabarete\",\"url\":\"https:\\\/\\\/www.hummingbirdcabarete.com\\\/\",\"logo\":{\"@type\":\"ImageObject\",\"inLanguage\":\"en-US\",\"@id\":\"https:\\\/\\\/www.hummingbirdcabarete.com\\\/#\\\/schema\\\/logo\\\/image\\\/\",\"url\":\"https:\\\/\\\/www.hummingbirdcabarete.com\\\/wp-content\\\/uploads\\\/2024\\\/11\\\/cropped-main_logo-removebg-preview-e1699003132760.png\",\"contentUrl\":\"https:\\\/\\\/www.hummingbirdcabarete.com\\\/wp-content\\\/uploads\\\/2024\\\/11\\\/cropped-main_logo-removebg-preview-e1699003132760.png\",\"width\":505,\"height\":345,\"caption\":\"H\u00f4tel Hummingbird Cabarete\"},\"image\":{\"@id\":\"https:\\\/\\\/www.hummingbirdcabarete.com\\\/#\\\/schema\\\/logo\\\/image\\\/\"}}]}<\/script>\n<!-- \/ Yoast SEO plugin. -->","yoast_head_json":{"title":"Termes et conditions - H\u00f4tel Hummingbird Cabarete","robots":{"index":"index","follow":"follow","max-snippet":"max-snippet:-1","max-image-preview":"max-image-preview:large","max-video-preview":"max-video-preview:-1"},"canonical":"https:\/\/www.hummingbirdcabarete.com\/en\/termes-et-conditions\/","og_locale":"en_US","og_type":"article","og_title":"Termes et conditions - H\u00f4tel Hummingbird Cabarete","og_description":"D\u00c9CLARATION L\u00c9GALE &nbsp; CONDITIONS GENERALES D&rsquo;UTILISATION ET DE PROTECTION DE L&rsquo;UTILISATEUR DU SITE WWW.HUMMINGBIRDCABARETE.COM &nbsp; 1.\u00a0PR\u00c9SENTATION Ce document d\u00e9finit les conditions g\u00e9n\u00e9rales d&rsquo;utilisation et fournit des informations sur la protection des utilisateurs de ce site Web, propri\u00e9t\u00e9 de HUMMINGBIRD CABARETE (ci-apr\u00e8s \u00ab Hummingbird Cabarete \u00bb ou \u00ab le propri\u00e9taire du site Web \u00bb), dont le ...","og_url":"https:\/\/www.hummingbirdcabarete.com\/en\/termes-et-conditions\/","og_site_name":"H\u00f4tel Hummingbird Cabarete","article_modified_time":"2025-01-11T20:38:25+00:00","twitter_card":"summary_large_image","twitter_misc":{"Est. reading time":"7 minutes"},"schema":{"@context":"https:\/\/schema.org","@graph":[{"@type":"WebPage","@id":"https:\/\/www.hummingbirdcabarete.com\/termes-et-conditions\/","url":"https:\/\/www.hummingbirdcabarete.com\/termes-et-conditions\/","name":"Termes et conditions - H\u00f4tel Hummingbird Cabarete","isPartOf":{"@id":"https:\/\/www.hummingbirdcabarete.com\/#website"},"datePublished":"2024-11-23T21:06:54+00:00","dateModified":"2025-01-11T20:38:25+00:00","breadcrumb":{"@id":"https:\/\/www.hummingbirdcabarete.com\/termes-et-conditions\/#breadcrumb"},"inLanguage":"en-US","potentialAction":[{"@type":"ReadAction","target":["https:\/\/www.hummingbirdcabarete.com\/termes-et-conditions\/"]}]},{"@type":"BreadcrumbList","@id":"https:\/\/www.hummingbirdcabarete.com\/termes-et-conditions\/#breadcrumb","itemListElement":[{"@type":"ListItem","position":1,"name":"Home","item":"https:\/\/www.hummingbirdcabarete.com\/"},{"@type":"ListItem","position":2,"name":"Termes et conditions"}]},{"@type":"WebSite","@id":"https:\/\/www.hummingbirdcabarete.com\/#website","url":"https:\/\/www.hummingbirdcabarete.com\/","name":"H\u00f4tel Hummingbird Cabarete","description":"","publisher":{"@id":"https:\/\/www.hummingbirdcabarete.com\/#organization"},"potentialAction":[{"@type":"SearchAction","target":{"@type":"EntryPoint","urlTemplate":"https:\/\/www.hummingbirdcabarete.com\/?s={search_term_string}"},"query-input":{"@type":"PropertyValueSpecification","valueRequired":true,"valueName":"search_term_string"}}],"inLanguage":"en-US"},{"@type":"Organization","@id":"https:\/\/www.hummingbirdcabarete.com\/#organization","name":"H\u00f4tel Hummingbird Cabarete","url":"https:\/\/www.hummingbirdcabarete.com\/","logo":{"@type":"ImageObject","inLanguage":"en-US","@id":"https:\/\/www.hummingbirdcabarete.com\/#\/schema\/logo\/image\/","url":"https:\/\/www.hummingbirdcabarete.com\/wp-content\/uploads\/2024\/11\/cropped-main_logo-removebg-preview-e1699003132760.png","contentUrl":"https:\/\/www.hummingbirdcabarete.com\/wp-content\/uploads\/2024\/11\/cropped-main_logo-removebg-preview-e1699003132760.png","width":505,"height":345,"caption":"H\u00f4tel Hummingbird Cabarete"},"image":{"@id":"https:\/\/www.hummingbirdcabarete.com\/#\/schema\/logo\/image\/"}}]}},"_links":{"self":[{"href":"https:\/\/www.hummingbirdcabarete.com\/en\/wp-json\/wp\/v2\/pages\/3","targetHints":{"allow":["GET"]}}],"collection":[{"href":"https:\/\/www.hummingbirdcabarete.com\/en\/wp-json\/wp\/v2\/pages"}],"about":[{"href":"https:\/\/www.hummingbirdcabarete.com\/en\/wp-json\/wp\/v2\/types\/page"}],"author":[{"embeddable":true,"href":"https:\/\/www.hummingbirdcabarete.com\/en\/wp-json\/wp\/v2\/users\/1"}],"replies":[{"embeddable":true,"href":"https:\/\/www.hummingbirdcabarete.com\/en\/wp-json\/wp\/v2\/comments?post=3"}],"version-history":[{"count":3,"href":"https:\/\/www.hummingbirdcabarete.com\/en\/wp-json\/wp\/v2\/pages\/3\/revisions"}],"predecessor-version":[{"id":3032,"href":"https:\/\/www.hummingbirdcabarete.com\/en\/wp-json\/wp\/v2\/pages\/3\/revisions\/3032"}],"wp:attachment":[{"href":"https:\/\/www.hummingbirdcabarete.com\/en\/wp-json\/wp\/v2\/media?parent=3"}],"curies":[{"name":"wp","href":"https:\/\/api.w.org\/{rel}","templated":true}]}}