{"id":2946,"date":"2025-01-08T12:47:52","date_gmt":"2025-01-08T17:47:52","guid":{"rendered":"https:\/\/www.hummingbirdcabarete.com\/?page_id=2946"},"modified":"2026-04-29T12:29:05","modified_gmt":"2026-04-29T16:29:05","slug":"reserver","status":"publish","type":"page","link":"https:\/\/www.hummingbirdcabarete.com\/en\/reserver\/","title":{"rendered":"Book"},"content":{"rendered":"<div data-elementor-type=\"wp-page\" data-elementor-id=\"2946\" class=\"elementor elementor-2946\">\n\t\t\t\t\t\t<section class=\"elementor-section elementor-top-section elementor-element elementor-element-9dbf8e9 elementor-section-height-min-height cs-section-content-fullwidth cs-parallax-on-scroll cs_scroll_y_80 elementor-section-boxed elementor-section-height-default elementor-section-items-middle\" data-id=\"9dbf8e9\" data-element_type=\"section\" data-e-type=\"section\" data-settings=\"{&quot;background_background&quot;:&quot;classic&quot;}\" data-cs-parallax-y=\"80\" style=\"background-image: none;\" data-cs-background-image=\"https:\/\/cozystay.loftocean.com\/island-resort\/wp-content\/uploads\/sites\/3\/2023\/05\/galen-crout-anPsLBVvZ_o-unsplash.jpg\" data-cs-background-image-alt-text=\"\">\n\t\t\t\t\t\t\t<div class=\"elementor-background-overlay\"><\/div>\n\t\t\t\t\t\t\t<div class=\"elementor-container elementor-column-gap-no\">\n\t\t\t\t\t<div class=\"elementor-column elementor-col-100 elementor-top-column elementor-element elementor-element-105b500 dark-color\" data-id=\"105b500\" data-element_type=\"column\" data-e-type=\"column\">\n\t\t\t<div class=\"elementor-widget-wrap elementor-element-populated\">\n\t\t\t\t\t\t<div class=\"elementor-element elementor-element-f599258 elementor-widget elementor-widget-cs_title\" data-id=\"f599258\" data-element_type=\"widget\" data-e-type=\"widget\" data-widget_type=\"cs_title.default\">\n\t\t\t\t<div class=\"elementor-widget-container\">\n\t\t\t\t\t\n        <div class=\"cs-title-wrap text-center\">\t            <div class=\"cs-subtitle-wrap\"><span class=\"cs-subtitle color-white\">Our appartments<\/span><\/div>\t            <h1 class=\"cs-title\">\n\t                Check availability\t            <\/h1>        <\/div>\t\t\t\t<\/div>\n\t\t\t\t<\/div>\n\t\t\t\t\t<\/div>\n\t\t<\/div>\n\t\t\t\t\t<\/div>\n\t\t<\/section>\n\t\t<div class=\"elementor-element elementor-element-2c00898 e-flex e-con-boxed e-con e-parent\" data-id=\"2c00898\" data-element_type=\"container\" data-e-type=\"container\">\n\t\t\t\t\t<div class=\"e-con-inner\">\n\t\t\t\t\t<\/div>\n\t\t\t\t<\/div>\n\t\t\t\t<section class=\"elementor-section elementor-top-section elementor-element elementor-element-10e74de elementor-section-boxed elementor-section-height-default elementor-section-height-default\" data-id=\"10e74de\" data-element_type=\"section\" data-e-type=\"section\">\n\t\t\t\t\t\t<div class=\"elementor-container elementor-column-gap-no\">\n\t\t\t\t\t<div class=\"elementor-column elementor-col-100 elementor-top-column elementor-element elementor-element-bf172eb\" data-id=\"bf172eb\" data-element_type=\"column\" data-e-type=\"column\">\n\t\t\t<div class=\"elementor-widget-wrap elementor-element-populated\">\n\t\t\t\t\t\t<div class=\"elementor-element elementor-element-fb2fa9b elementor-widget elementor-widget-cs_title\" data-id=\"fb2fa9b\" data-element_type=\"widget\" data-e-type=\"widget\" data-widget_type=\"cs_title.default\">\n\t\t\t\t<div class=\"elementor-widget-container\">\n\t\t\t\t\t\n        <div class=\"cs-title-wrap text-center\">\t            <div class=\"cs-subtitle-wrap\"><span class=\"cs-subtitle\">Comfortable suites...<\/span><\/div>\t            <div class=\"cs-title-text\">\n\t                <div class=\"elementor-element elementor-element-36d5ca3 elementor-widget elementor-widget-cs_title\" data-id=\"36d5ca3\" data-element_type=\"widget\" data-widget_type=\"cs_title.default\"><div class=\"elementor-widget-container\"><div class=\"cs-title-wrap text-center\"><div class=\"cs-title-text\">Hummingbird Cabarete is the perfect place for groups of guests and individual travelers who like to stay on a budget while remaining economical, comfortable and central. With all the services you need. Located in the most colorful part of Cabarete and within walking distance to the beach. Our studios and apartments can accommodate from 1 to 6 people. Groups can accommodate up to 30 people. And we offer special rates for long term rentals in low season!<\/div><\/div><\/div><\/div>\t            <\/div>        <\/div>\t\t\t\t<\/div>\n\t\t\t\t<\/div>\n\t\t\t\t\t<\/div>\n\t\t<\/div>\n\t\t\t\t\t<\/div>\n\t\t<\/section>\n\t\t<div class=\"elementor-element elementor-element-00c4f5e e-flex e-con-boxed e-con e-parent\" data-id=\"00c4f5e\" data-element_type=\"container\" data-e-type=\"container\">\n\t\t\t\t\t<div class=\"e-con-inner\">\n\t\t\t\t<div class=\"elementor-element elementor-element-d8fa744 elementor-widget elementor-widget-html\" data-id=\"d8fa744\" data-element_type=\"widget\" data-e-type=\"widget\" data-widget_type=\"html.default\">\n\t\t\t\t<div class=\"elementor-widget-container\">\n\t\t\t\t\t\n<script src=\"https:\/\/hostex.io\/app\/assets\/js\/hostex-widget.js?version=20260427114552\" type=\"module\"><\/script>\n<hostex-search-result-widget id=\"eyJob3N0X2lkIjoiMTA0MzA4Iiwid2lkZ2V0X2hvc3QiOiJodHRwczovL3cuaG9zdGV4Ym9va2luZy5zaXRlIn0=\"><\/hostex-search-result-widget>\n      \t\t\t\t<\/div>\n\t\t\t\t<\/div>\n\t\t\t\t\t<\/div>\n\t\t\t\t<\/div>\n\t\t\t\t<\/div>","protected":false},"excerpt":{"rendered":"<p>Nos chambres V\u00e9rifier les disponibilit\u00e9s Des suites confortables&#8230; Le Hummingbird Cabarete est l\u2019endroit id\u00e9al pour les groupes d\u2019h\u00f4tes et les voyageurs individuels qui aiment s\u00e9journer \u00e0 petit prix tout en restant \u00e9conomique, confortable et central. Avec tous les services dont vous avez besoin. Situ\u00e9 dans la partie la plus color\u00e9e de Cabarete et \u00e0 distance &#8230;<\/p>","protected":false},"author":1,"featured_media":0,"parent":0,"menu_order":0,"comment_status":"closed","ping_status":"closed","template":"template-wide-content.php","meta":{"cozystay_single_page_hide_site_header":"","cozystay_single_page_site_header_source":"","cozystay_single_page_custom_site_header":"","cozystay_single_page_custom_sticky_site_header":"","cozystay_single_page_hide_page_title":"on","cozystay_single_page_header_section_size":"","cozystay_single_page_header_background_color":"","cozystay_single_page_header_background_position_x":"center","cozystay_single_page_header_background_position_y":"center","cozystay_single_page_header_background_size":"cover","cozystay_single_page_header_background_repeat":"off","cozystay_single_page_header_background_scroll":"on","cozystay_single_page_header_text_color":"","cozystay_single_page_header_show_breadcrumb":"","cozystay_single_page_site_footer_hide_main":"","cozystay_single_custom_site_footer_main_source":"","cozystay_single_custom_site_footer_main":"","cozystay_single_page_site_footer_hide_above":"","cozystay_single_custom_site_footer_above_source":"","cozystay_single_custom_site_footer_above":"","cozystay_single_page_site_footer_hide_instagram":"","cozystay_single_page_site_footer_hide_bottom":"","cozystay_single_custom_mobile_menu_source":"","cozystay_single_custom_mobile_menu":"","cozystay_single_custom_mobile_menu_animation":"","cozystay_single_custom_mobile_menu_width":"","cozystay_single_custom_mobile_menu_custom_width":375,"footnotes":""},"class_list":["post-2946","page","type-page","status-publish","hentry"],"yoast_head":"<!-- This site is optimized with the Yoast SEO plugin v27.5 - https:\/\/yoast.com\/product\/yoast-seo-wordpress\/ -->\n<title>R\u00e9server - H\u00f4tel Hummingbird Cabarete<\/title>\n<meta name=\"robots\" content=\"index, follow, max-snippet:-1, max-image-preview:large, max-video-preview:-1\" \/>\n<link rel=\"canonical\" href=\"https:\/\/www.hummingbirdcabarete.com\/en\/reserver\/\" \/>\n<meta property=\"og:locale\" content=\"en_US\" \/>\n<meta property=\"og:type\" content=\"article\" \/>\n<meta property=\"og:title\" content=\"R\u00e9server - H\u00f4tel Hummingbird Cabarete\" \/>\n<meta property=\"og:description\" content=\"Nos chambres V\u00e9rifier les disponibilit\u00e9s Des suites confortables&#8230; Le Hummingbird Cabarete est l\u2019endroit id\u00e9al pour les groupes d\u2019h\u00f4tes et les voyageurs individuels qui aiment s\u00e9journer \u00e0 petit prix tout en restant \u00e9conomique, confortable et central. Avec tous les services dont vous avez besoin. Situ\u00e9 dans la partie la plus color\u00e9e de Cabarete et \u00e0 distance ...\" \/>\n<meta property=\"og:url\" content=\"https:\/\/www.hummingbirdcabarete.com\/en\/reserver\/\" \/>\n<meta property=\"og:site_name\" content=\"H\u00f4tel Hummingbird Cabarete\" \/>\n<meta property=\"article:modified_time\" content=\"2026-04-29T16:29:05+00:00\" \/>\n<meta name=\"twitter:card\" content=\"summary_large_image\" \/>\n<meta name=\"twitter:label1\" content=\"Est. reading time\" \/>\n\t<meta name=\"twitter:data1\" content=\"1 minute\" \/>\n<script type=\"application\/ld+json\" class=\"yoast-schema-graph\">{\"@context\":\"https:\\\/\\\/schema.org\",\"@graph\":[{\"@type\":\"WebPage\",\"@id\":\"https:\\\/\\\/www.hummingbirdcabarete.com\\\/reserver\\\/\",\"url\":\"https:\\\/\\\/www.hummingbirdcabarete.com\\\/reserver\\\/\",\"name\":\"R\u00e9server - H\u00f4tel Hummingbird Cabarete\",\"isPartOf\":{\"@id\":\"https:\\\/\\\/www.hummingbirdcabarete.com\\\/#website\"},\"datePublished\":\"2025-01-08T17:47:52+00:00\",\"dateModified\":\"2026-04-29T16:29:05+00:00\",\"breadcrumb\":{\"@id\":\"https:\\\/\\\/www.hummingbirdcabarete.com\\\/reserver\\\/#breadcrumb\"},\"inLanguage\":\"en-US\",\"potentialAction\":[{\"@type\":\"ReadAction\",\"target\":[\"https:\\\/\\\/www.hummingbirdcabarete.com\\\/reserver\\\/\"]}]},{\"@type\":\"BreadcrumbList\",\"@id\":\"https:\\\/\\\/www.hummingbirdcabarete.com\\\/reserver\\\/#breadcrumb\",\"itemListElement\":[{\"@type\":\"ListItem\",\"position\":1,\"name\":\"Home\",\"item\":\"https:\\\/\\\/www.hummingbirdcabarete.com\\\/\"},{\"@type\":\"ListItem\",\"position\":2,\"name\":\"R\u00e9server\"}]},{\"@type\":\"WebSite\",\"@id\":\"https:\\\/\\\/www.hummingbirdcabarete.com\\\/#website\",\"url\":\"https:\\\/\\\/www.hummingbirdcabarete.com\\\/\",\"name\":\"H\u00f4tel Hummingbird Cabarete\",\"description\":\"\",\"publisher\":{\"@id\":\"https:\\\/\\\/www.hummingbirdcabarete.com\\\/#organization\"},\"potentialAction\":[{\"@type\":\"SearchAction\",\"target\":{\"@type\":\"EntryPoint\",\"urlTemplate\":\"https:\\\/\\\/www.hummingbirdcabarete.com\\\/?s={search_term_string}\"},\"query-input\":{\"@type\":\"PropertyValueSpecification\",\"valueRequired\":true,\"valueName\":\"search_term_string\"}}],\"inLanguage\":\"en-US\"},{\"@type\":\"Organization\",\"@id\":\"https:\\\/\\\/www.hummingbirdcabarete.com\\\/#organization\",\"name\":\"H\u00f4tel Hummingbird Cabarete\",\"url\":\"https:\\\/\\\/www.hummingbirdcabarete.com\\\/\",\"logo\":{\"@type\":\"ImageObject\",\"inLanguage\":\"en-US\",\"@id\":\"https:\\\/\\\/www.hummingbirdcabarete.com\\\/#\\\/schema\\\/logo\\\/image\\\/\",\"url\":\"https:\\\/\\\/www.hummingbirdcabarete.com\\\/wp-content\\\/uploads\\\/2024\\\/11\\\/cropped-main_logo-removebg-preview-e1699003132760.png\",\"contentUrl\":\"https:\\\/\\\/www.hummingbirdcabarete.com\\\/wp-content\\\/uploads\\\/2024\\\/11\\\/cropped-main_logo-removebg-preview-e1699003132760.png\",\"width\":505,\"height\":345,\"caption\":\"H\u00f4tel Hummingbird Cabarete\"},\"image\":{\"@id\":\"https:\\\/\\\/www.hummingbirdcabarete.com\\\/#\\\/schema\\\/logo\\\/image\\\/\"}}]}<\/script>\n<!-- \/ Yoast SEO plugin. -->","yoast_head_json":{"title":"R\u00e9server - H\u00f4tel Hummingbird Cabarete","robots":{"index":"index","follow":"follow","max-snippet":"max-snippet:-1","max-image-preview":"max-image-preview:large","max-video-preview":"max-video-preview:-1"},"canonical":"https:\/\/www.hummingbirdcabarete.com\/en\/reserver\/","og_locale":"en_US","og_type":"article","og_title":"R\u00e9server - H\u00f4tel Hummingbird Cabarete","og_description":"Nos chambres V\u00e9rifier les disponibilit\u00e9s Des suites confortables&#8230; Le Hummingbird Cabarete est l\u2019endroit id\u00e9al pour les groupes d\u2019h\u00f4tes et les voyageurs individuels qui aiment s\u00e9journer \u00e0 petit prix tout en restant \u00e9conomique, confortable et central. Avec tous les services dont vous avez besoin. Situ\u00e9 dans la partie la plus color\u00e9e de Cabarete et \u00e0 distance ...","og_url":"https:\/\/www.hummingbirdcabarete.com\/en\/reserver\/","og_site_name":"H\u00f4tel Hummingbird Cabarete","article_modified_time":"2026-04-29T16:29:05+00:00","twitter_card":"summary_large_image","twitter_misc":{"Est. reading time":"1 minute"},"schema":{"@context":"https:\/\/schema.org","@graph":[{"@type":"WebPage","@id":"https:\/\/www.hummingbirdcabarete.com\/reserver\/","url":"https:\/\/www.hummingbirdcabarete.com\/reserver\/","name":"R\u00e9server - H\u00f4tel Hummingbird Cabarete","isPartOf":{"@id":"https:\/\/www.hummingbirdcabarete.com\/#website"},"datePublished":"2025-01-08T17:47:52+00:00","dateModified":"2026-04-29T16:29:05+00:00","breadcrumb":{"@id":"https:\/\/www.hummingbirdcabarete.com\/reserver\/#breadcrumb"},"inLanguage":"en-US","potentialAction":[{"@type":"ReadAction","target":["https:\/\/www.hummingbirdcabarete.com\/reserver\/"]}]},{"@type":"BreadcrumbList","@id":"https:\/\/www.hummingbirdcabarete.com\/reserver\/#breadcrumb","itemListElement":[{"@type":"ListItem","position":1,"name":"Home","item":"https:\/\/www.hummingbirdcabarete.com\/"},{"@type":"ListItem","position":2,"name":"R\u00e9server"}]},{"@type":"WebSite","@id":"https:\/\/www.hummingbirdcabarete.com\/#website","url":"https:\/\/www.hummingbirdcabarete.com\/","name":"H\u00f4tel Hummingbird Cabarete","description":"","publisher":{"@id":"https:\/\/www.hummingbirdcabarete.com\/#organization"},"potentialAction":[{"@type":"SearchAction","target":{"@type":"EntryPoint","urlTemplate":"https:\/\/www.hummingbirdcabarete.com\/?s={search_term_string}"},"query-input":{"@type":"PropertyValueSpecification","valueRequired":true,"valueName":"search_term_string"}}],"inLanguage":"en-US"},{"@type":"Organization","@id":"https:\/\/www.hummingbirdcabarete.com\/#organization","name":"H\u00f4tel Hummingbird Cabarete","url":"https:\/\/www.hummingbirdcabarete.com\/","logo":{"@type":"ImageObject","inLanguage":"en-US","@id":"https:\/\/www.hummingbirdcabarete.com\/#\/schema\/logo\/image\/","url":"https:\/\/www.hummingbirdcabarete.com\/wp-content\/uploads\/2024\/11\/cropped-main_logo-removebg-preview-e1699003132760.png","contentUrl":"https:\/\/www.hummingbirdcabarete.com\/wp-content\/uploads\/2024\/11\/cropped-main_logo-removebg-preview-e1699003132760.png","width":505,"height":345,"caption":"H\u00f4tel Hummingbird Cabarete"},"image":{"@id":"https:\/\/www.hummingbirdcabarete.com\/#\/schema\/logo\/image\/"}}]}},"_links":{"self":[{"href":"https:\/\/www.hummingbirdcabarete.com\/en\/wp-json\/wp\/v2\/pages\/2946","targetHints":{"allow":["GET"]}}],"collection":[{"href":"https:\/\/www.hummingbirdcabarete.com\/en\/wp-json\/wp\/v2\/pages"}],"about":[{"href":"https:\/\/www.hummingbirdcabarete.com\/en\/wp-json\/wp\/v2\/types\/page"}],"author":[{"embeddable":true,"href":"https:\/\/www.hummingbirdcabarete.com\/en\/wp-json\/wp\/v2\/users\/1"}],"replies":[{"embeddable":true,"href":"https:\/\/www.hummingbirdcabarete.com\/en\/wp-json\/wp\/v2\/comments?post=2946"}],"version-history":[{"count":21,"href":"https:\/\/www.hummingbirdcabarete.com\/en\/wp-json\/wp\/v2\/pages\/2946\/revisions"}],"predecessor-version":[{"id":3430,"href":"https:\/\/www.hummingbirdcabarete.com\/en\/wp-json\/wp\/v2\/pages\/2946\/revisions\/3430"}],"wp:attachment":[{"href":"https:\/\/www.hummingbirdcabarete.com\/en\/wp-json\/wp\/v2\/media?parent=2946"}],"curies":[{"name":"wp","href":"https:\/\/api.w.org\/{rel}","templated":true}]}}